{"id":1442,"date":"2024-01-19T12:49:45","date_gmt":"2024-01-19T12:49:45","guid":{"rendered":"http:\/\/traffic-angel.local\/product\/forward-facing-dvr-camera-w-nearside-camera-or-rear-camera\/"},"modified":"2025-10-20T09:31:50","modified_gmt":"2025-10-20T09:31:50","slug":"2-kanal-dashcam-aufnahmesystem-nach-vorne","status":"publish","type":"product","link":"https:\/\/www.trafficangel.co.uk\/de\/produkt-2\/2-kanal-dashcam-aufnahmesystem-nach-vorne\/","title":{"rendered":"Nach vorn gerichtetes 2-Kanal-Dashcam-Aufzeichnungssystem"},"content":{"rendered":"<p>Das 2-Kanal-Frontkamera-Dashcam-Aufzeichnungssystem (Artikelnr. FFDVR2) ist auf leistungsstarke Flotten\u00fcberwachung und erweiterte Fahrersicherheit zugeschnitten. Mit zwei 170\u00b0-Kameras \u2013 einer Frontkamera mit 1080p und einer zweiten mit D1\/720p \u2013 erfasst das System pr\u00e4zise die gesamte Stra\u00dfenfl\u00e4che. Integriertes GPS versieht jedes Ereignis mit einem Zeitstempel, w\u00e4hrend die H.264-Videokompression f\u00fcr effiziente Speicherung auf SD-Karten mit bis zu 256 GB sorgt. Bewegungserkennung, ein sicheres, abschlie\u00dfbares SD-Kartengeh\u00e4use und Kompatibilit\u00e4t mit den Videostandards AHD und CVBS sorgen f\u00fcr professionelle Zuverl\u00e4ssigkeit. Das FFDVR2 ist robust genug f\u00fcr Nutzfahrzeuge, verf\u00fcgt \u00fcber GPS-Konnektivit\u00e4t und eine Mini-USB-Schnittstelle.<\/p>\n<p>Bestellungen, die vor 13 Uhr eingehen, werden noch am selben Tag versandt, und das System ist f\u00fcr eine problemlose Installation vollst\u00e4ndig mit dem Prepping Service von Traffic Angel kompatibel. Ideal f\u00fcr <a href=\"https:\/\/www.trafficangel.co.uk\/de\/flotten-dashcams\/\">Flotten<\/a>, kleine Unternehmen oder einmalige K\u00e4ufe.<\/p>","protected":false},"excerpt":{"rendered":"<p>Nach vorn gerichtetes 2-Kanal-Dashcam-Aufzeichnungssystem<\/p>","protected":false},"featured_media":628,"template":"","meta":{"_acf_changed":false},"product_cat":[19,39],"product_tag":[],"class_list":{"0":"post-1442","1":"product","2":"type-product","3":"status-publish","4":"has-post-thumbnail","6":"product_cat-video-recording-systems","7":"product_cat-dash-cameras","9":"first","10":"instock","11":"taxable","12":"shipping-taxable","13":"purchasable","14":"product-type-simple"},"acf":[],"_links":{"self":[{"href":"https:\/\/www.trafficangel.co.uk\/de\/wp-json\/wp\/v2\/product\/1442","targetHints":{"allow":["GET"]}}],"collection":[{"href":"https:\/\/www.trafficangel.co.uk\/de\/wp-json\/wp\/v2\/product"}],"about":[{"href":"https:\/\/www.trafficangel.co.uk\/de\/wp-json\/wp\/v2\/types\/product"}],"wp:featuredmedia":[{"embeddable":true,"href":"https:\/\/www.trafficangel.co.uk\/de\/wp-json\/wp\/v2\/media\/628"}],"wp:attachment":[{"href":"https:\/\/www.trafficangel.co.uk\/de\/wp-json\/wp\/v2\/media?parent=1442"}],"wp:term":[{"taxonomy":"product_cat","embeddable":true,"href":"https:\/\/www.trafficangel.co.uk\/de\/wp-json\/wp\/v2\/product_cat?post=1442"},{"taxonomy":"product_tag","embeddable":true,"href":"https:\/\/www.trafficangel.co.uk\/de\/wp-json\/wp\/v2\/product_tag?post=1442"}],"curies":[{"name":"wp","href":"https:\/\/api.w.org\/{rel}","templated":true}]}}