{"id":1441,"date":"2024-01-19T12:49:45","date_gmt":"2024-01-19T12:49:45","guid":{"rendered":"http:\/\/traffic-angel.local\/product\/forward-facing-recording-camera\/"},"modified":"2025-10-20T09:31:14","modified_gmt":"2025-10-20T09:31:14","slug":"1-kanal-nach-vorne-gerichtetes-dashcam-aufzeichnungssystem","status":"publish","type":"product","link":"https:\/\/www.trafficangel.co.uk\/de\/produkt-2\/1-kanal-nach-vorne-gerichtetes-dashcam-aufzeichnungssystem\/","title":{"rendered":"1-Kanal nach vorn gerichtetes Dashcam-Aufzeichnungssystem"},"content":{"rendered":"<p>Das 1-Kanal-Frontkamera-Aufzeichnungssystem (Teilenummer FFDVR1) ist eine robuste, einfach zu installierende L\u00f6sung, die speziell auf die hohen Anforderungen gewerblicher Flotten zugeschnitten ist. Mit einem weiten Sichtfeld von 170\u00b0 und Unterst\u00fctzung f\u00fcr 1080p- und 720p-Aufzeichnungen zeichnet es kritische Verkehrsereignisse in hoher Klarheit auf. Integriertes GPS sorgt f\u00fcr pr\u00e4zise Zeit- und Ortsangabe, w\u00e4hrend Bewegungserkennung und Loop-Aufzeichnung die Speicherung effizient verwalten.<\/p>\n<p>The system supports up to 256\u202fGB SD cards (PAL\/NTSC compliant) and includes secure SD-card housing to safeguard against tampering. Ideal for enhancing vehicle accountability and driver safety. Ideal for <a href=\"https:\/\/www.trafficangel.co.uk\/de\/flotten-dashcams\/\">Flotten<\/a>, kleine Unternehmen oder einmalige K\u00e4ufe.<\/p>","protected":false},"excerpt":{"rendered":"<p>1-Kanal nach vorn gerichtetes Dashcam-Aufzeichnungssystem<\/p>","protected":false},"featured_media":621,"template":"","meta":{"_acf_changed":false},"product_cat":[19,39],"product_tag":[],"class_list":{"0":"post-1441","1":"product","2":"type-product","3":"status-publish","4":"has-post-thumbnail","6":"product_cat-video-recording-systems","7":"product_cat-dash-cameras","9":"first","10":"instock","11":"taxable","12":"shipping-taxable","13":"purchasable","14":"product-type-simple"},"acf":[],"_links":{"self":[{"href":"https:\/\/www.trafficangel.co.uk\/de\/wp-json\/wp\/v2\/product\/1441","targetHints":{"allow":["GET"]}}],"collection":[{"href":"https:\/\/www.trafficangel.co.uk\/de\/wp-json\/wp\/v2\/product"}],"about":[{"href":"https:\/\/www.trafficangel.co.uk\/de\/wp-json\/wp\/v2\/types\/product"}],"wp:featuredmedia":[{"embeddable":true,"href":"https:\/\/www.trafficangel.co.uk\/de\/wp-json\/wp\/v2\/media\/621"}],"wp:attachment":[{"href":"https:\/\/www.trafficangel.co.uk\/de\/wp-json\/wp\/v2\/media?parent=1441"}],"wp:term":[{"taxonomy":"product_cat","embeddable":true,"href":"https:\/\/www.trafficangel.co.uk\/de\/wp-json\/wp\/v2\/product_cat?post=1441"},{"taxonomy":"product_tag","embeddable":true,"href":"https:\/\/www.trafficangel.co.uk\/de\/wp-json\/wp\/v2\/product_tag?post=1441"}],"curies":[{"name":"wp","href":"https:\/\/api.w.org\/{rel}","templated":true}]}}