{"id":1421,"date":"2024-01-19T12:49:39","date_gmt":"2024-01-19T12:49:39","guid":{"rendered":"http:\/\/traffic-angel.local\/product\/10-minute-override-switch-for-left-right-turn-alarm\/"},"modified":"2025-10-20T09:14:24","modified_gmt":"2025-10-20T09:14:24","slug":"10-minuten-timer-fur-die-nachtliche-ubersteuerung-von-abbiegealarmen","status":"publish","type":"product","link":"https:\/\/www.trafficangel.co.uk\/de\/produkt-2\/10-minuten-timer-fur-die-nachtliche-ubersteuerung-von-abbiegealarmen\/","title":{"rendered":"10-Minuten-Timer zur n\u00e4chtlichen \u00dcbersteuerung des Abbiegealarms"},"content":{"rendered":"<p>Der 10-Minuten-Timer zur n\u00e4chtlichen Au\u00dferkraftsetzung des Abbiegealarms erm\u00f6glicht es Fahrern, den Abbiegealarm zu sp\u00e4ter Stunde vor\u00fcbergehend stummzuschalten und so L\u00e4rmbel\u00e4stigungen in Wohngebieten zu reduzieren. Nach der Aktivierung wird das System nach 10 Minuten automatisch wieder aktiviert, sodass die Sicherheitswarnungen ohne Fahrereingriff wieder aktiviert werden. Diese einfache und zuverl\u00e4ssige L\u00f6sung hilft Flotten, L\u00e4rmschutzbestimmungen einzuhalten und gleichzeitig die Sicherheitsstandards vollst\u00e4ndig einzuhalten.<\/p>\n<p>Der 10-Minuten-Timer f\u00fcr die Nacht\u00fcberbr\u00fcckung wurde als Erg\u00e4nzung zu den Fahrzeugsicherheitssystemen von Traffic Angel entwickelt und tr\u00e4gt dazu bei, die richtige Balance zwischen Sicherheit und R\u00fccksichtnahme auf die \u00d6ffentlichkeit zu finden. Er bietet Fahrern eine einfache M\u00f6glichkeit, den L\u00e4rm in Wohngebieten oder l\u00e4rmarmen Zonen zu reduzieren, ohne die langfristige Alarmfunktion zu beeintr\u00e4chtigen. Die zeitgesteuerte \u00dcberbr\u00fcckung stellt sicher, dass <a href=\"https:\/\/www.trafficangel.co.uk\/de\/alarm\/\">Alarm<\/a> Die automatische R\u00fcckkehr zum Vollbetrieb gew\u00e4hrleistet die Einhaltung der Sicherheitsprotokolle. Dieser Timer ist ideal f\u00fcr Flotten, die nachts oder in sensiblen Bereichen arbeiten. Er bietet Flexibilit\u00e4t, ohne Kompromisse bei der Verantwortung einzugehen.<\/p>","protected":false},"excerpt":{"rendered":"<p>Der 10-Minuten-Timer f\u00fcr die n\u00e4chtliche Au\u00dferkraftsetzung von Abbiegealarmen erm\u00f6glicht es Fahrern, Abbiegealarme in den sp\u00e4ten Stunden vor\u00fcbergehend stummzuschalten<\/p>","protected":false},"featured_media":519,"template":"","meta":{"_acf_changed":false},"product_cat":[33,87],"product_tag":[],"class_list":{"0":"post-1421","1":"product","2":"type-product","3":"status-publish","4":"has-post-thumbnail","6":"product_cat-alarms","7":"product_cat-accessories-alarms","9":"first","10":"instock","11":"taxable","12":"shipping-taxable","13":"purchasable","14":"product-type-simple"},"acf":[],"_links":{"self":[{"href":"https:\/\/www.trafficangel.co.uk\/de\/wp-json\/wp\/v2\/product\/1421","targetHints":{"allow":["GET"]}}],"collection":[{"href":"https:\/\/www.trafficangel.co.uk\/de\/wp-json\/wp\/v2\/product"}],"about":[{"href":"https:\/\/www.trafficangel.co.uk\/de\/wp-json\/wp\/v2\/types\/product"}],"wp:featuredmedia":[{"embeddable":true,"href":"https:\/\/www.trafficangel.co.uk\/de\/wp-json\/wp\/v2\/media\/519"}],"wp:attachment":[{"href":"https:\/\/www.trafficangel.co.uk\/de\/wp-json\/wp\/v2\/media?parent=1421"}],"wp:term":[{"taxonomy":"product_cat","embeddable":true,"href":"https:\/\/www.trafficangel.co.uk\/de\/wp-json\/wp\/v2\/product_cat?post=1421"},{"taxonomy":"product_tag","embeddable":true,"href":"https:\/\/www.trafficangel.co.uk\/de\/wp-json\/wp\/v2\/product_tag?post=1421"}],"curies":[{"name":"wp","href":"https:\/\/api.w.org\/{rel}","templated":true}]}}