{"id":1419,"date":"2024-01-19T12:49:35","date_gmt":"2024-01-19T12:49:35","guid":{"rendered":"http:\/\/traffic-angel.local\/product\/automatic-timer-for-night-time-shut-off-for-left-turn\/"},"modified":"2025-10-20T09:13:03","modified_gmt":"2025-10-20T09:13:03","slug":"automatischer-timer-zur-nachtlichen-auserkraftsetzung-von-abbiegealarmen","status":"publish","type":"product","link":"https:\/\/www.trafficangel.co.uk\/de\/produkt-2\/automatischer-timer-zur-nachtlichen-auserkraftsetzung-von-abbiegealarmen\/","title":{"rendered":"Automatischer Timer zur n\u00e4chtlichen \u00dcbersteuerung des Abbiegealarms"},"content":{"rendered":"<p>Der automatische Timer zur n\u00e4chtlichen Au\u00dferkraftsetzung des Abbiegealarms erm\u00f6glicht es Flotten, st\u00e4dtische L\u00e4rmschutzbestimmungen einzuhalten, ohne die Sicherheit zu beeintr\u00e4chtigen. Einmal eingestellt, schaltet der Timer den Abbiegealarm w\u00e4hrend der festgelegten Nachtstunden automatisch stumm und stellt tags\u00fcber die volle Alarmfunktion wieder her. Diese vollautomatische L\u00f6sung reduziert die Arbeitsbelastung des Fahrers, verhindert unn\u00f6tige L\u00e4rmbeschwerden und stellt sicher, dass die Fahrzeuge sowohl Sicherheits- als auch Umweltanforderungen erf\u00fcllen. Konzipiert f\u00fcr den zuverl\u00e4ssigen, langfristigen Einsatz im anspruchsvollen Flottenbetrieb.<\/p>","protected":false},"excerpt":{"rendered":"<p>Automatischer Timer zur n\u00e4chtlichen \u00dcbersteuerung des Abbiegealarms<\/p>","protected":false},"featured_media":1054,"template":"","meta":{"_acf_changed":false},"product_cat":[33,34],"product_tag":[],"class_list":{"0":"post-1419","1":"product","2":"type-product","3":"status-publish","4":"has-post-thumbnail","6":"product_cat-alarms","7":"product_cat-turn-alarms","9":"first","10":"instock","11":"taxable","12":"shipping-taxable","13":"purchasable","14":"product-type-simple"},"acf":[],"_links":{"self":[{"href":"https:\/\/www.trafficangel.co.uk\/de\/wp-json\/wp\/v2\/product\/1419","targetHints":{"allow":["GET"]}}],"collection":[{"href":"https:\/\/www.trafficangel.co.uk\/de\/wp-json\/wp\/v2\/product"}],"about":[{"href":"https:\/\/www.trafficangel.co.uk\/de\/wp-json\/wp\/v2\/types\/product"}],"wp:featuredmedia":[{"embeddable":true,"href":"https:\/\/www.trafficangel.co.uk\/de\/wp-json\/wp\/v2\/media\/1054"}],"wp:attachment":[{"href":"https:\/\/www.trafficangel.co.uk\/de\/wp-json\/wp\/v2\/media?parent=1419"}],"wp:term":[{"taxonomy":"product_cat","embeddable":true,"href":"https:\/\/www.trafficangel.co.uk\/de\/wp-json\/wp\/v2\/product_cat?post=1419"},{"taxonomy":"product_tag","embeddable":true,"href":"https:\/\/www.trafficangel.co.uk\/de\/wp-json\/wp\/v2\/product_tag?post=1419"}],"curies":[{"name":"wp","href":"https:\/\/api.w.org\/{rel}","templated":true}]}}