{"id":1416,"date":"2024-01-19T12:49:35","date_gmt":"2024-01-19T12:49:35","guid":{"rendered":"http:\/\/traffic-angel.local\/product\/citysafe-left-turn-audible-alarm-spoken-message\/"},"modified":"2025-10-20T09:11:11","modified_gmt":"2025-10-20T09:11:11","slug":"citysafe-linksabbiegealarm-mit-akustischer-sprachnachricht","status":"publish","type":"product","link":"https:\/\/www.trafficangel.co.uk\/de\/produkt-2\/citysafe-linksabbiegealarm-mit-akustischer-sprachnachricht\/","title":{"rendered":"CitySafe Linksabbiegealarm \u2013 Akustische Sprachnachricht"},"content":{"rendered":"<p>Der CitySafe Linksabbiegewarner mit Sprachansage warnt Fu\u00dfg\u00e4nger und Radfahrer mit klaren Sprachmeldungen, wenn ein Fahrzeug links abbiegt. Das System wurde entwickelt, um das Risiko des toten Winkels zu reduzieren und die st\u00e4dtischen Sicherheitsvorschriften zu erf\u00fcllen. Es gibt anstelle eines Standard-Alarmtons eine klare Sprachansage aus und hilft so gef\u00e4hrdeten Verkehrsteilnehmern, die Absichten des Fahrzeugs besser zu verstehen. Der Linksabbiegewarner ist auf Zuverl\u00e4ssigkeit im gesch\u00e4ftigen Stadtverkehr ausgelegt und erf\u00fcllt die DVS-, FORS- und CLOCS-Vorschriften. So k\u00f6nnen Flottenbetreiber auf ihre Fahrzeugsicherheitssysteme vertrauen.<\/p>","protected":false},"excerpt":{"rendered":"<p>Der CitySafe-Linksabbiegealarm mit akustischer Sprachmeldung warnt Fu\u00dfg\u00e4nger und Radfahrer durch klare Sprachwarnungen, wenn ein Fahrzeug nach links abbiegt.<\/p>","protected":false},"featured_media":563,"template":"","meta":{"_acf_changed":false},"product_cat":[33,34],"product_tag":[],"class_list":{"0":"post-1416","1":"product","2":"type-product","3":"status-publish","4":"has-post-thumbnail","6":"product_cat-alarms","7":"product_cat-turn-alarms","9":"first","10":"instock","11":"taxable","12":"shipping-taxable","13":"purchasable","14":"product-type-simple"},"acf":[],"_links":{"self":[{"href":"https:\/\/www.trafficangel.co.uk\/de\/wp-json\/wp\/v2\/product\/1416","targetHints":{"allow":["GET"]}}],"collection":[{"href":"https:\/\/www.trafficangel.co.uk\/de\/wp-json\/wp\/v2\/product"}],"about":[{"href":"https:\/\/www.trafficangel.co.uk\/de\/wp-json\/wp\/v2\/types\/product"}],"wp:featuredmedia":[{"embeddable":true,"href":"https:\/\/www.trafficangel.co.uk\/de\/wp-json\/wp\/v2\/media\/563"}],"wp:attachment":[{"href":"https:\/\/www.trafficangel.co.uk\/de\/wp-json\/wp\/v2\/media?parent=1416"}],"wp:term":[{"taxonomy":"product_cat","embeddable":true,"href":"https:\/\/www.trafficangel.co.uk\/de\/wp-json\/wp\/v2\/product_cat?post=1416"},{"taxonomy":"product_tag","embeddable":true,"href":"https:\/\/www.trafficangel.co.uk\/de\/wp-json\/wp\/v2\/product_tag?post=1416"}],"curies":[{"name":"wp","href":"https:\/\/api.w.org\/{rel}","templated":true}]}}