{"id":1411,"date":"2024-01-19T12:49:35","date_gmt":"2024-01-19T12:49:35","guid":{"rendered":"http:\/\/traffic-angel.local\/product\/5m-trailer-extension-cable-4-pin-male-4-pin-female\/"},"modified":"2025-10-29T09:30:52","modified_gmt":"2025-10-29T09:30:52","slug":"5m-anhanger-verlangerungskabel-4-polig-mannlich-4-polig-weiblich","status":"publish","type":"product","link":"https:\/\/www.trafficangel.co.uk\/de\/produkt-2\/5m-anhanger-verlangerungskabel-4-polig-mannlich-4-polig-weiblich\/","title":{"rendered":"5 m Anh\u00e4nger-\/Verl\u00e4ngerungskabel (4-poliger Stecker \u2013 4-polige Buchse)"},"content":{"rendered":"<p>Das 5 m lange Anh\u00e4nger-\/Verl\u00e4ngerungskabel (4-poliger Stecker \u2013 4-polige Buchse) dient zur Verl\u00e4ngerung von Kamerasystemverbindungen zwischen Anh\u00e4ngern, Fahrzeugen oder Maschinen. Mit seiner L\u00e4nge von 5 Metern bietet es genau die richtige Flexibilit\u00e4t f\u00fcr kleinere Anh\u00e4nger oder k\u00fcrzere Fahrzeugkombinationen. Die sicheren 4-poligen Anschl\u00fcsse gew\u00e4hrleisten eine zuverl\u00e4ssige Video- und Strom\u00fcbertragung und sorgen jederzeit f\u00fcr eine klare Kameraleistung. Dieses Verl\u00e4ngerungskabel wurde f\u00fcr raue Arbeitsumgebungen entwickelt und ist eine zuverl\u00e4ssige Wahl f\u00fcr Flotten, die Sicherheit und Konformit\u00e4t ohne unn\u00f6tigen Aufwand gew\u00e4hrleisten m\u00f6chten.<\/p>","protected":false},"excerpt":{"rendered":"<p>5 m Anh\u00e4nger-\/Verl\u00e4ngerungskabel (4-poliger Stecker \u2013 4-polige Buchse)<\/p>","protected":false},"featured_media":445,"template":"","meta":{"_acf_changed":false},"product_cat":[26,27],"product_tag":[],"class_list":{"0":"post-1411","1":"product","2":"type-product","3":"status-publish","4":"has-post-thumbnail","6":"product_cat-cables-accessories","7":"product_cat-camera-trailer-cables","9":"first","10":"instock","11":"taxable","12":"shipping-taxable","13":"purchasable","14":"product-type-simple"},"acf":[],"_links":{"self":[{"href":"https:\/\/www.trafficangel.co.uk\/de\/wp-json\/wp\/v2\/product\/1411","targetHints":{"allow":["GET"]}}],"collection":[{"href":"https:\/\/www.trafficangel.co.uk\/de\/wp-json\/wp\/v2\/product"}],"about":[{"href":"https:\/\/www.trafficangel.co.uk\/de\/wp-json\/wp\/v2\/types\/product"}],"wp:featuredmedia":[{"embeddable":true,"href":"https:\/\/www.trafficangel.co.uk\/de\/wp-json\/wp\/v2\/media\/445"}],"wp:attachment":[{"href":"https:\/\/www.trafficangel.co.uk\/de\/wp-json\/wp\/v2\/media?parent=1411"}],"wp:term":[{"taxonomy":"product_cat","embeddable":true,"href":"https:\/\/www.trafficangel.co.uk\/de\/wp-json\/wp\/v2\/product_cat?post=1411"},{"taxonomy":"product_tag","embeddable":true,"href":"https:\/\/www.trafficangel.co.uk\/de\/wp-json\/wp\/v2\/product_tag?post=1411"}],"curies":[{"name":"wp","href":"https:\/\/api.w.org\/{rel}","templated":true}]}}