{"id":1405,"date":"2024-01-19T12:49:32","date_gmt":"2024-01-19T12:49:32","guid":{"rendered":"http:\/\/traffic-angel.local\/product\/20m-trailer-extension-cable-4-pin-male-4-pin-female\/"},"modified":"2025-10-20T08:56:00","modified_gmt":"2025-10-20T08:56:00","slug":"20m-trailer-extension-cable-4-pin-male-4-pin-female","status":"publish","type":"product","link":"https:\/\/www.trafficangel.co.uk\/de\/produkt-2\/20m-trailer-extension-cable-4-pin-male-4-pin-female\/","title":{"rendered":"20 m Anh\u00e4nger-\/Verl\u00e4ngerungskabel (4-poliger Stecker \u2013 4-polige Buchse)"},"content":{"rendered":"<p>Das 20 m lange Anh\u00e4nger-\/Verl\u00e4ngerungskabel (4-poliger Stecker \u2013 4-polige Buchse) bietet eine zuverl\u00e4ssige L\u00f6sung zur Verl\u00e4ngerung von Kamerasystemverbindungen \u00fcber lange Anh\u00e4nger, Sattelz\u00fcge und Spezialfahrzeuge. Mit seiner L\u00e4nge von 20 Metern erm\u00f6glicht es eine sichere Video- und Strom\u00fcbertragung zwischen <a href=\"https:\/\/www.trafficangel.co.uk\/de\/kameras\/\">Kameras<\/a> Und <a href=\"https:\/\/www.trafficangel.co.uk\/de\/monitore\/\">Monitore<\/a>, auch \u00fcber gr\u00f6\u00dfere Entfernungen. Die langlebigen 4-Pin-Anschl\u00fcsse gew\u00e4hrleisten eine stabile Verbindung, minimieren Signalverluste und sorgen f\u00fcr eine klare Videoqualit\u00e4t.<\/p>\n<p>Dieses Verl\u00e4ngerungskabel wurde f\u00fcr raue Flottenumgebungen entwickelt und ist ideal f\u00fcr Transport-, Logistik- und Nutzfahrzeugbetreiber, die eine zuverl\u00e4ssige Kamerasystemleistung ben\u00f6tigen.<\/p>\n<p>Dieses Verl\u00e4ngerungskabel ist mit nur 776 g leicht und dennoch robust genug f\u00fcr raue Umgebungen. Es unterst\u00fctzt professionelle Kamerainstallationen und l\u00e4sst sich nahtlos in die Systeme von Traffic Angel integrieren. Wie bei allen unseren Kabeln werden Bestellungen vor 13 Uhr noch am selben Tag per DPD-Lieferung am n\u00e4chsten Tag versandt. Unser Vorbereitungsservice optimiert die Installation und reduziert Ausfallzeiten.<\/p>","protected":false},"excerpt":{"rendered":"<p>Das 20 m lange Anh\u00e4nger-\/Verl\u00e4ngerungskabel (4-poliger Stecker \u2013 4-polige Buchse) bietet eine zuverl\u00e4ssige L\u00f6sung zur Verl\u00e4ngerung der Kamerasystemverbindungen \u00fcber lange Anh\u00e4nger, Sattelschlepper und Spezialfahrzeuge.<\/p>","protected":false},"featured_media":2352,"template":"","meta":{"_acf_changed":false},"product_cat":[26,27],"product_tag":[],"class_list":{"0":"post-1405","1":"product","2":"type-product","3":"status-publish","4":"has-post-thumbnail","6":"product_cat-cables-accessories","7":"product_cat-camera-trailer-cables","9":"first","10":"instock","11":"taxable","12":"shipping-taxable","13":"purchasable","14":"product-type-simple"},"acf":[],"_links":{"self":[{"href":"https:\/\/www.trafficangel.co.uk\/de\/wp-json\/wp\/v2\/product\/1405","targetHints":{"allow":["GET"]}}],"collection":[{"href":"https:\/\/www.trafficangel.co.uk\/de\/wp-json\/wp\/v2\/product"}],"about":[{"href":"https:\/\/www.trafficangel.co.uk\/de\/wp-json\/wp\/v2\/types\/product"}],"wp:featuredmedia":[{"embeddable":true,"href":"https:\/\/www.trafficangel.co.uk\/de\/wp-json\/wp\/v2\/media\/2352"}],"wp:attachment":[{"href":"https:\/\/www.trafficangel.co.uk\/de\/wp-json\/wp\/v2\/media?parent=1405"}],"wp:term":[{"taxonomy":"product_cat","embeddable":true,"href":"https:\/\/www.trafficangel.co.uk\/de\/wp-json\/wp\/v2\/product_cat?post=1405"},{"taxonomy":"product_tag","embeddable":true,"href":"https:\/\/www.trafficangel.co.uk\/de\/wp-json\/wp\/v2\/product_tag?post=1405"}],"curies":[{"name":"wp","href":"https:\/\/api.w.org\/{rel}","templated":true}]}}