{"id":1404,"date":"2024-01-19T12:49:32","date_gmt":"2024-01-19T12:49:32","guid":{"rendered":"http:\/\/traffic-angel.local\/product\/1m-camera-cable-4-pin-male-rca-male-dc-female\/"},"modified":"2025-10-20T08:54:46","modified_gmt":"2025-10-20T08:54:46","slug":"1-m-kamerakabel-4-poliger-cinch-stecker-dc-buchse","status":"publish","type":"product","link":"https:\/\/www.trafficangel.co.uk\/de\/produkt-2\/1-m-kamerakabel-4-poliger-cinch-stecker-dc-buchse\/","title":{"rendered":"1 m Kamerakabel (4-poliger Stecker \u2013 Cinch-Stecker und DC-Buchse)"},"content":{"rendered":"<p>Das 1 m lange Kamerakabel (4-poliger Stecker \u2013 Cinch-Stecker &amp; DC-Buchse) erm\u00f6glicht eine einfache und sichere Verbindung f\u00fcr kurze Kamerastrecken in Fahrzeugsystemen. Es bietet zuverl\u00e4ssige Video- und Strom\u00fcbertragung und ist ideal f\u00fcr kompakte Installationen mit minimaler Kabell\u00e4nge.<\/p>","protected":false},"excerpt":{"rendered":"<p>Das 1 m lange Kamerakabel (4-poliger Stecker \u2013 Cinch-Stecker &amp; DC-Buchse) bietet eine einfache, sichere Verbindung f\u00fcr kurze Kamerastrecken in Fahrzeugsystemen<\/p>","protected":false},"featured_media":434,"template":"","meta":{"_acf_changed":false},"product_cat":[26,27],"product_tag":[],"class_list":{"0":"post-1404","1":"product","2":"type-product","3":"status-publish","4":"has-post-thumbnail","6":"product_cat-cables-accessories","7":"product_cat-camera-trailer-cables","9":"first","10":"instock","11":"taxable","12":"shipping-taxable","13":"purchasable","14":"product-type-simple"},"acf":[],"_links":{"self":[{"href":"https:\/\/www.trafficangel.co.uk\/de\/wp-json\/wp\/v2\/product\/1404","targetHints":{"allow":["GET"]}}],"collection":[{"href":"https:\/\/www.trafficangel.co.uk\/de\/wp-json\/wp\/v2\/product"}],"about":[{"href":"https:\/\/www.trafficangel.co.uk\/de\/wp-json\/wp\/v2\/types\/product"}],"wp:featuredmedia":[{"embeddable":true,"href":"https:\/\/www.trafficangel.co.uk\/de\/wp-json\/wp\/v2\/media\/434"}],"wp:attachment":[{"href":"https:\/\/www.trafficangel.co.uk\/de\/wp-json\/wp\/v2\/media?parent=1404"}],"wp:term":[{"taxonomy":"product_cat","embeddable":true,"href":"https:\/\/www.trafficangel.co.uk\/de\/wp-json\/wp\/v2\/product_cat?post=1404"},{"taxonomy":"product_tag","embeddable":true,"href":"https:\/\/www.trafficangel.co.uk\/de\/wp-json\/wp\/v2\/product_tag?post=1404"}],"curies":[{"name":"wp","href":"https:\/\/api.w.org\/{rel}","templated":true}]}}