{"id":1398,"date":"2024-01-19T12:49:29","date_gmt":"2024-01-19T12:49:29","guid":{"rendered":"http:\/\/traffic-angel.local\/product\/can-bus-5v-contactless-reader-for-camscan\/"},"modified":"2025-10-20T08:50:32","modified_gmt":"2025-10-20T08:50:32","slug":"can-bus-5v-kontaktloser-leser","status":"publish","type":"product","link":"https:\/\/www.trafficangel.co.uk\/de\/produkt-2\/can-bus-5v-kontaktloser-leser\/","title":{"rendered":"Kontaktloser CAN-Bus-Leser (5\u00a0V)"},"content":{"rendered":"<p>Der kontaktlose CAN-Bus-5-V-Leseger\u00e4t bietet eine einfache, nicht-invasive M\u00f6glichkeit, Fahrzeugdaten auszulesen, ohne die Verkabelung zu besch\u00e4digen. Dank kontaktloser Technologie liest er Signale sicher direkt vom CAN-Bus und hilft so, Fahrzeugleistung und Fahrerverhalten zu \u00fcberwachen oder Sicherheitssysteme zu integrieren. Dank 5-V-Versorgung ist er einfach zu installieren und ideal f\u00fcr moderne Flottenfahrzeuge, bei denen der Erhalt von Garantie und Systemintegrit\u00e4t unerl\u00e4sslich ist. Eine zuverl\u00e4ssige L\u00f6sung f\u00fcr Flotten, die schnell und sicher auf genaue Fahrzeugdaten zugreifen m\u00f6chten.<\/p>","protected":false},"excerpt":{"rendered":"<p>Der kontaktlose CAN-Bus-5-V-Leser bietet eine einfache, nicht-invasive M\u00f6glichkeit, Fahrzeugdaten zu lesen, ohne die Verkabelung durchtrennen zu m\u00fcssen.<\/p>","protected":false},"featured_media":2059,"template":"","meta":{"_acf_changed":false},"product_cat":[26,902],"product_tag":[],"class_list":{"0":"post-1398","1":"product","2":"type-product","3":"status-publish","4":"has-post-thumbnail","6":"product_cat-cables-accessories","7":"product_cat-wiring-kits","9":"first","10":"instock","11":"taxable","12":"shipping-taxable","13":"purchasable","14":"product-type-simple"},"acf":[],"_links":{"self":[{"href":"https:\/\/www.trafficangel.co.uk\/de\/wp-json\/wp\/v2\/product\/1398","targetHints":{"allow":["GET"]}}],"collection":[{"href":"https:\/\/www.trafficangel.co.uk\/de\/wp-json\/wp\/v2\/product"}],"about":[{"href":"https:\/\/www.trafficangel.co.uk\/de\/wp-json\/wp\/v2\/types\/product"}],"wp:featuredmedia":[{"embeddable":true,"href":"https:\/\/www.trafficangel.co.uk\/de\/wp-json\/wp\/v2\/media\/2059"}],"wp:attachment":[{"href":"https:\/\/www.trafficangel.co.uk\/de\/wp-json\/wp\/v2\/media?parent=1398"}],"wp:term":[{"taxonomy":"product_cat","embeddable":true,"href":"https:\/\/www.trafficangel.co.uk\/de\/wp-json\/wp\/v2\/product_cat?post=1398"},{"taxonomy":"product_tag","embeddable":true,"href":"https:\/\/www.trafficangel.co.uk\/de\/wp-json\/wp\/v2\/product_tag?post=1398"}],"curies":[{"name":"wp","href":"https:\/\/api.w.org\/{rel}","templated":true}]}}