{"id":1396,"date":"2024-01-19T12:49:29","date_gmt":"2024-01-19T12:49:29","guid":{"rendered":"http:\/\/traffic-angel.local\/product\/can-bus-connection-interface-for-dvs-systems\/"},"modified":"2025-10-20T08:49:30","modified_gmt":"2025-10-20T08:49:30","slug":"can-bus-anschlussschnittstelle-fur-dvs-pss-systeme","status":"publish","type":"product","link":"https:\/\/www.trafficangel.co.uk\/de\/produkt-2\/can-bus-anschlussschnittstelle-fur-dvs-pss-systeme\/","title":{"rendered":"CAN-Bus-Anschlussschnittstelle f\u00fcr DVS-\/PSS-Systeme"},"content":{"rendered":"<p>Die CAN-Bus-Verbindungsschnittstelle f\u00fcr DVS\/PSS-Systeme erm\u00f6glicht die nahtlose Integration der Fahrzeugsicherheitsausr\u00fcstung in die elektronischen Systeme des Fahrzeugs. Entwickelt f\u00fcr die Zusammenarbeit mit <a href=\"https:\/\/www.trafficangel.co.uk\/de\/progressives-sicherheitssystem-2024\/\" target=\"_blank\" rel=\"noopener\">Progressive Safe System (PSS)-Installationen<\/a>Es bietet eine sichere Verbindung zum CAN-Bus und erm\u00f6glicht so die pr\u00e4zise Aktivierung von Sicherheitsfunktionen wie Toter-Winkel-Erkennung, Abbiegewarnungen und Kamerasystemen. Diese Schnittstelle ist einfach zu installieren und vollst\u00e4ndig mit modernen Nutzfahrzeugen kompatibel. Sie stellt sicher, dass Sicherheitssysteme bei Bedarf pr\u00e4zise funktionieren. So bleiben Flotten konform und ungesch\u00fctzte Verkehrsteilnehmer werden gesch\u00fctzt.<\/p>","protected":false},"excerpt":{"rendered":"<p>Die CAN-Bus-Verbindungsschnittstelle f\u00fcr DVS\/PSS-Systeme erm\u00f6glicht eine nahtlose Integration der Fahrzeugsicherheitsausr\u00fcstung in die elektronischen Systeme des Fahrzeugs.<\/p>","protected":false},"featured_media":420,"template":"","meta":{"_acf_changed":false},"product_cat":[26,902],"product_tag":[],"class_list":{"0":"post-1396","1":"product","2":"type-product","3":"status-publish","4":"has-post-thumbnail","6":"product_cat-cables-accessories","7":"product_cat-wiring-kits","9":"first","10":"instock","11":"taxable","12":"shipping-taxable","13":"purchasable","14":"product-type-simple"},"acf":[],"_links":{"self":[{"href":"https:\/\/www.trafficangel.co.uk\/de\/wp-json\/wp\/v2\/product\/1396","targetHints":{"allow":["GET"]}}],"collection":[{"href":"https:\/\/www.trafficangel.co.uk\/de\/wp-json\/wp\/v2\/product"}],"about":[{"href":"https:\/\/www.trafficangel.co.uk\/de\/wp-json\/wp\/v2\/types\/product"}],"wp:featuredmedia":[{"embeddable":true,"href":"https:\/\/www.trafficangel.co.uk\/de\/wp-json\/wp\/v2\/media\/420"}],"wp:attachment":[{"href":"https:\/\/www.trafficangel.co.uk\/de\/wp-json\/wp\/v2\/media?parent=1396"}],"wp:term":[{"taxonomy":"product_cat","embeddable":true,"href":"https:\/\/www.trafficangel.co.uk\/de\/wp-json\/wp\/v2\/product_cat?post=1396"},{"taxonomy":"product_tag","embeddable":true,"href":"https:\/\/www.trafficangel.co.uk\/de\/wp-json\/wp\/v2\/product_tag?post=1396"}],"curies":[{"name":"wp","href":"https:\/\/api.w.org\/{rel}","templated":true}]}}