{"id":1386,"date":"2024-01-19T12:49:26","date_gmt":"2024-01-19T12:49:26","guid":{"rendered":"http:\/\/traffic-angel.local\/product\/64gb-microsd-card-with-adapter\/"},"modified":"2025-10-20T08:40:23","modified_gmt":"2025-10-20T08:40:23","slug":"64-gb-microsd-karte-mit-adapter","status":"publish","type":"product","link":"https:\/\/www.trafficangel.co.uk\/de\/produkt-2\/64-gb-microsd-karte-mit-adapter\/","title":{"rendered":"64 GB microSD-Karte mit Adapter"},"content":{"rendered":"<p>Die 64 GB microSD-Karte mit Adapter bietet zuverl\u00e4ssigen Speicher f\u00fcr Fahrzeugkamerasysteme und DVRs. Dank ausreichender Kapazit\u00e4t f\u00fcr hochwertige Videoaufnahmen ist das Material sicher gespeichert und bei Bedarf leicht zug\u00e4nglich. Der mitgelieferte Adapter erm\u00f6glicht die flexible Nutzung auf verschiedenen Ger\u00e4ten und macht die Karte zu einer praktischen Speicherl\u00f6sung f\u00fcr Flottenbetreiber.<\/p>","protected":false},"excerpt":{"rendered":"<p>Die 64 GB gro\u00dfe microSD-Karte mit Adapter bietet zuverl\u00e4ssigen Speicher f\u00fcr Fahrzeugkamerasysteme und DVRs.<\/p>","protected":false},"featured_media":2202,"template":"","meta":{"_acf_changed":false},"product_cat":[19,83],"product_tag":[],"class_list":{"0":"post-1386","1":"product","2":"type-product","3":"status-publish","4":"has-post-thumbnail","6":"product_cat-video-recording-systems","7":"product_cat-accessories-video-recording-systems","9":"first","10":"instock","11":"taxable","12":"shipping-taxable","13":"purchasable","14":"product-type-simple"},"acf":[],"_links":{"self":[{"href":"https:\/\/www.trafficangel.co.uk\/de\/wp-json\/wp\/v2\/product\/1386","targetHints":{"allow":["GET"]}}],"collection":[{"href":"https:\/\/www.trafficangel.co.uk\/de\/wp-json\/wp\/v2\/product"}],"about":[{"href":"https:\/\/www.trafficangel.co.uk\/de\/wp-json\/wp\/v2\/types\/product"}],"wp:featuredmedia":[{"embeddable":true,"href":"https:\/\/www.trafficangel.co.uk\/de\/wp-json\/wp\/v2\/media\/2202"}],"wp:attachment":[{"href":"https:\/\/www.trafficangel.co.uk\/de\/wp-json\/wp\/v2\/media?parent=1386"}],"wp:term":[{"taxonomy":"product_cat","embeddable":true,"href":"https:\/\/www.trafficangel.co.uk\/de\/wp-json\/wp\/v2\/product_cat?post=1386"},{"taxonomy":"product_tag","embeddable":true,"href":"https:\/\/www.trafficangel.co.uk\/de\/wp-json\/wp\/v2\/product_tag?post=1386"}],"curies":[{"name":"wp","href":"https:\/\/api.w.org\/{rel}","templated":true}]}}