{"id":1385,"date":"2024-01-19T12:49:26","date_gmt":"2024-01-19T12:49:26","guid":{"rendered":"http:\/\/traffic-angel.local\/product\/4m-3-way-rca-cable\/"},"modified":"2025-10-20T08:39:07","modified_gmt":"2025-10-20T08:39:07","slug":"4m-3-way-rca-cable","status":"publish","type":"product","link":"https:\/\/www.trafficangel.co.uk\/de\/produkt-2\/4m-3-way-rca-cable\/","title":{"rendered":"4 m langes 3-Wege-Cinch-Kabel"},"content":{"rendered":"<p>Das 4 m lange 3-Wege-Cinch-Kabel bietet eine einfache und zuverl\u00e4ssige L\u00f6sung f\u00fcr die \u00dcbertragung von Video- und Audiosignalen in Fahrzeugkamerasystemen. Dank seiner drei separaten Kan\u00e4le verbindet es Kameras, Monitore und DVRs problemlos und sorgt f\u00fcr eine \u00fcbersichtliche Installation. Die 4 Meter L\u00e4nge bieten Flexibilit\u00e4t f\u00fcr mittelgro\u00dfe Fahrzeugkonfigurationen und gew\u00e4hrleisten eine stabile Verbindung ohne Kabel\u00fcberl\u00e4nge. Dank langlebiger Stecker und hochwertiger Abschirmung sorgt dieses Kabel auch in anspruchsvollen Flottenumgebungen f\u00fcr eine klare und konsistente Signal\u00fcbertragung.<\/p>","protected":false},"excerpt":{"rendered":"<p>4 m langes 3-Wege-Cinch-Kabel<\/p>","protected":false},"featured_media":410,"template":"","meta":{"_acf_changed":false},"product_cat":[26,27],"product_tag":[],"class_list":{"0":"post-1385","1":"product","2":"type-product","3":"status-publish","4":"has-post-thumbnail","6":"product_cat-cables-accessories","7":"product_cat-camera-trailer-cables","9":"first","10":"instock","11":"taxable","12":"shipping-taxable","13":"purchasable","14":"product-type-simple"},"acf":[],"_links":{"self":[{"href":"https:\/\/www.trafficangel.co.uk\/de\/wp-json\/wp\/v2\/product\/1385","targetHints":{"allow":["GET"]}}],"collection":[{"href":"https:\/\/www.trafficangel.co.uk\/de\/wp-json\/wp\/v2\/product"}],"about":[{"href":"https:\/\/www.trafficangel.co.uk\/de\/wp-json\/wp\/v2\/types\/product"}],"wp:featuredmedia":[{"embeddable":true,"href":"https:\/\/www.trafficangel.co.uk\/de\/wp-json\/wp\/v2\/media\/410"}],"wp:attachment":[{"href":"https:\/\/www.trafficangel.co.uk\/de\/wp-json\/wp\/v2\/media?parent=1385"}],"wp:term":[{"taxonomy":"product_cat","embeddable":true,"href":"https:\/\/www.trafficangel.co.uk\/de\/wp-json\/wp\/v2\/product_cat?post=1385"},{"taxonomy":"product_tag","embeddable":true,"href":"https:\/\/www.trafficangel.co.uk\/de\/wp-json\/wp\/v2\/product_tag?post=1385"}],"curies":[{"name":"wp","href":"https:\/\/api.w.org\/{rel}","templated":true}]}}