{"id":1382,"date":"2024-01-19T12:49:26","date_gmt":"2024-01-19T12:49:26","guid":{"rendered":"http:\/\/traffic-angel.local\/product\/1m-single-rca-cable\/"},"modified":"2025-10-20T08:32:17","modified_gmt":"2025-10-20T08:32:17","slug":"1m-rca-cable","status":"publish","type":"product","link":"https:\/\/www.trafficangel.co.uk\/de\/produkt-2\/1m-rca-cable\/","title":{"rendered":"1 m Cinch-Kabel"},"content":{"rendered":"<p>Das 1 m lange Cinch-Kabel erm\u00f6glicht eine einfache und zuverl\u00e4ssige Verbindung von Video- und Audiosignalen in Fahrzeugsicherheitssystemen. Es eignet sich ideal f\u00fcr Kurzstreckenverbindungen zwischen Kameras, Monitoren oder Aufnahmeger\u00e4ten und sorgt dank seiner kompakten L\u00e4nge f\u00fcr eine saubere und effiziente Installation. Die hochwertigen Anschl\u00fcsse gew\u00e4hrleisten ein stabiles, klares Signal auch in anspruchsvollen Flottenumgebungen.<\/p>","protected":false},"excerpt":{"rendered":"<p>1 m Cinch-Kabel<\/p>","protected":false},"featured_media":414,"template":"","meta":{"_acf_changed":false},"product_cat":[26,27],"product_tag":[],"class_list":{"0":"post-1382","1":"product","2":"type-product","3":"status-publish","4":"has-post-thumbnail","6":"product_cat-cables-accessories","7":"product_cat-camera-trailer-cables","9":"first","10":"instock","11":"taxable","12":"shipping-taxable","13":"purchasable","14":"product-type-simple"},"acf":[],"_links":{"self":[{"href":"https:\/\/www.trafficangel.co.uk\/de\/wp-json\/wp\/v2\/product\/1382","targetHints":{"allow":["GET"]}}],"collection":[{"href":"https:\/\/www.trafficangel.co.uk\/de\/wp-json\/wp\/v2\/product"}],"about":[{"href":"https:\/\/www.trafficangel.co.uk\/de\/wp-json\/wp\/v2\/types\/product"}],"wp:featuredmedia":[{"embeddable":true,"href":"https:\/\/www.trafficangel.co.uk\/de\/wp-json\/wp\/v2\/media\/414"}],"wp:attachment":[{"href":"https:\/\/www.trafficangel.co.uk\/de\/wp-json\/wp\/v2\/media?parent=1382"}],"wp:term":[{"taxonomy":"product_cat","embeddable":true,"href":"https:\/\/www.trafficangel.co.uk\/de\/wp-json\/wp\/v2\/product_cat?post=1382"},{"taxonomy":"product_tag","embeddable":true,"href":"https:\/\/www.trafficangel.co.uk\/de\/wp-json\/wp\/v2\/product_tag?post=1382"}],"curies":[{"name":"wp","href":"https:\/\/api.w.org\/{rel}","templated":true}]}}