{"id":3981,"date":"2025-08-11T12:07:41","date_gmt":"2025-08-11T12:07:41","guid":{"rendered":"https:\/\/www.trafficangel.co.uk\/?page_id=3981"},"modified":"2026-04-24T14:58:08","modified_gmt":"2026-04-24T14:58:08","slug":"digital-video-recorders","status":"publish","type":"page","link":"https:\/\/www.trafficangel.co.uk\/de\/digital-video-recorders\/","title":{"rendered":"Digitale Videorekorder"},"content":{"rendered":"<section class=\"featured-case-study-block__section relative w-full bg-right bg-no-repeat bg-cover bg-secondary section-padding\" style=\"background-image: url('https:\/\/www.trafficangel.co.uk\/wp-content\/uploads\/2026\/04\/Website-Illustrations-7.png');\">\n\t<div class=\"container relative z-20\">\n\t\t<div class=\"z-20 flex flex-wrap w-full justify-start\">\n\t\t\t<div class=\"w-full lg:max-w-3xl\">\n\t\t\t\t\t\t\t\t\t<h3 class=\"w-full mb-4 text-xl font-semibold text-white text-center lg:text-left lg:text-2xl xl:text-3xl\" style=\"color:#ffffff;\">\n\t\t\t\t\t\tDigital Video Recorders for Commercial Vehicle Camera Systems\t\t\t\t\t<\/h3>\n\t\t\t\t\n\t\t\t\t\t\t\t\t\t<p class=\"text-lg font-[400] text-center text-white lg:text-left\" style=\"color:#ffffff;\">\n\t\t\t\t\t\tDigital Video Recorders\u00a0(DVRs) are the central hub of any professional vehicle camera system, capturing and storing footage from multiple cameras around a vehicle. Designed with fleet operators, transport managers, and site vehicles in mind, DVRs provide reliable, date-stamped video evidence of events on the road and on site.\n\t\t\t\t\t<\/p>\n\t\t\t\t\n\t\t\t\t\t\t\t\t\t<div class=\"mt-4 text-center lg:text-left\">\n\t\t\t\t\t<a class=\"case-study-read-more button button-full button-cta no-underline\" style=\"text-decoration:none;color:#043254;\"\n\t\t\t\t\t\thref=\"https:\/\/www.trafficangel.co.uk\/de\/videoaufzeichnungssysteme\/dvrs\/\"\n\t\t\t\t\t\t target=\"_blank\">\n\t\t\t\t\t\tView TrafficAngel DVRs\t\t\t\t\t<\/a>\n\t\t\t\t\t<\/div>\n\t\t\t\t\t\t\t<\/div>\n\t\t<\/div>\n\t<\/div>\n\t<div class=\"absolute inset-0 z-10 w-full bg-gradient-to-r from-secondary to-transparent\"><\/div>\n<\/section><div style=\"height:46px\" aria-hidden=\"true\" class=\"wp-block-spacer\"><\/div><section class=\"w-full py-8 bg-white\">\n\t\t\t<div class=\"w-full\">\n\t\t\t<h2 data-section-id=\"r1qoze\" data-start=\"1511\" data-end=\"1551\">What Is a Digital Video Recorder?<\/h2>\n<p data-start=\"1553\" data-end=\"1844\">A <a href=\"https:\/\/www.trafficangel.co.uk\/de\/videoaufzeichnungssysteme\/dvrs\/\"><strong data-start=\"1555\" data-end=\"1581\">Digitaler Videorecorder<\/strong><\/a>, commonly known as a <strong data-start=\"1603\" data-end=\"1610\">DVR<\/strong>, records and stores footage from cameras fitted around a vehicle. This can include <a href=\"https:\/\/www.trafficangel.co.uk\/de\/kameras\/frontkameras\/\">forward-facing cameras<\/a>, <a href=\"https:\/\/www.trafficangel.co.uk\/de\/kameras\/ruckfahrkameras\/\">R\u00fcckfahrkameras<\/a>, <a href=\"https:\/\/www.trafficangel.co.uk\/de\/kameras\/seitenkameras\/\">Seitenblickkameras<\/a>, <a href=\"https:\/\/www.trafficangel.co.uk\/de\/kameras\/interne-und-ip-kameras\/\">internal cameras<\/a> or load-area cameras, depending on the vehicle and operational requirements.<\/p>\n<p data-start=\"1846\" data-end=\"2123\">For commercial fleets, a DVR is more than a simple recording device. It provides a secure record of activity on the road, on site and around the vehicle, helping operators review incidents, protect drivers, support insurance claims and maintain a stronger commitment to safety.<\/p>\n<p data-section-id=\"r1qoze\" data-start=\"1511\" data-end=\"1551\">Sie sind ein wesentliches Instrument zum Schutz der Fahrer, zur Sicherung der Versicherungspr\u00e4mien, zur Verbesserung der Effizienz und zur St\u00e4rkung des Engagements einer Flotte f\u00fcr Sicherheit und Einhaltung der Vorschriften, indem sie mit den Sicherheitsprogrammen der Branche wie FORS, CLOCS und dem <a href=\"https:\/\/tfl.gov.uk\/info-for\/deliveries-in-london\/delivering-safely\/direct-vision-in-heavy-goods-vehicles\/dvs-star-ratings-and-safe-system\" target=\"_blank\" rel=\"noreferrer noopener\">TfL Progressives Sicherheitssystem.<\/a><\/p>\n<p data-start=\"2125\" data-end=\"2359\">TrafficAngel Digital Video Recorders can be fitted as part of a complete vehicle safety system, working alongside cameras, monitors, sensors and audible warning systems for wider vehicle coverage<\/p>\n\t\t\t\t\t<\/div>\n\t<\/section><section class=\"w-full py-8 bg-white\">\n\t\t\t<div class=\"w-full\">\n\t\t\t<p><!-- wp:heading --><\/p>\n<h2 class=\"wp-block-heading\">Aufbau eines kompletten Systems<\/h2>\n<p><!-- \/wp:heading --> <!-- wp:paragraph --><\/p>\n<p>Um effektiv zu funktionieren, wird ein DVR am besten als Teil eines kompletten TrafficAngel-Sicherheitssystems installiert. Dies kann Folgendes umfassen: <a href=\"https:\/\/www.trafficangel.co.uk\/de\/monitore\/\">Monitore in der Kabine<\/a> um dem Fahrer eine Live-Ansicht der toten Winkel zu erm\u00f6glichen, externe Kameras f\u00fcr die vollst\u00e4ndige Fahrzeugabdeckung, <a href=\"https:\/\/www.trafficangel.co.uk\/de\/sensorsysteme\/\">Sensorsysteme<\/a> um Radfahrer oder Fu\u00dfg\u00e4nger in der N\u00e4he zu erkennen und <a href=\"https:\/\/www.trafficangel.co.uk\/de\/alarm\/\">akustische Warnungen<\/a> um gef\u00e4hrdete Verkehrsteilnehmer beim Man\u00f6vrieren eines Fahrzeugs zu warnen.<\/p>\n<p><!-- \/wp:paragraph --> <!-- wp:paragraph --><\/p>\n<p>Optionen f\u00fcr die Live-Fern\u00fcberwachung und Standortverfolgung sind ebenfalls verf\u00fcgbar, und eine Auswahl an sicheren High-End-Speichermedien erm\u00f6glicht die Aufbewahrung der Aufnahmen so lange, wie es Ihr Betrieb erfordert. Zus\u00e4tzliche Montage- und kundenspezifische Verkabelungsl\u00f6sungen stellen sicher, dass jede Komponente sicher montiert ist und auch unter anspruchsvollen Bedingungen zuverl\u00e4ssig funktioniert.<\/p>\n\t\t\t\t\t<\/div>\n\t<\/section><h2 class=\"wp-block-heading\">Top-Vorteile f\u00fcr Betreiber<\/h2><p>Zu den Vorteilen des Einsatzes digitaler Videorekorder in Ihrem Fuhrpark geh\u00f6ren:<\/p><ul class=\"wp-block-list\"><li>Klare Videobeweise f\u00fcr die Untersuchung von Vorf\u00e4llen und die Verteidigung gegen Versicherungsanspr\u00fcche<\/li>\n\n<li>Mehrkanalaufzeichnung f\u00fcr eine vollst\u00e4ndige Fahrzeugabdeckung<\/li>\n\n<li>Autonomer Betrieb, keine Eingaben durch den Fahrzeugf\u00fchrer erforderlich<\/li>\n\n<li>Aufzeichnung l\u00e4uft weiter, auch wenn das Fahrzeug geparkt ist, kann die Aufzeichnung fortgesetzt werden<\/li>\n\n<li>Sichere Speicherung, die Manipulationen verhindert<\/li>\n\n<li>Einfaches Abrufen von Filmmaterial nach Datum und Uhrzeit, auf dem Ger\u00e4t oder PC<\/li>\n\n<li>Potential for reduced insurance premiums, some insurers provide a discount for having cameras fitted<\/li>\n\n<li>Gr\u00f6\u00dferes Vertrauen der Fahrer und Schutz vor falschen Angaben<\/li><\/ul><div class=\"mb-4 space-y-2 lg:flex lg:space-x-2 lg:space-y-0\"><a href=\"https:\/\/www.trafficangel.co.uk\/de\/kontakt\/\" class=\"px-4 py-2 text-center text-white no-underline transition-all ease-linear rounded-sm cursor-pointer button-block visited:text-white focus:text-white lg:py-3 md:px-5 button-primary flex justify-center items-center\">Kontaktiere uns<\/a><\/div><div class=\"wp-block-media-text is-stacked-on-mobile\" style=\"grid-template-columns:43% auto\"><figure class=\"wp-block-media-text__media\"><img loading=\"lazy\" decoding=\"async\" width=\"1583\" height=\"1745\" src=\"https:\/\/www.trafficangel.co.uk\/wp-content\/uploads\/2025\/08\/PXL_20250714_132720955-scaled-e1755702941978.jpg\" alt=\"\" class=\"wp-image-4085 size-full\" srcset=\"https:\/\/www.trafficangel.co.uk\/wp-content\/uploads\/2025\/08\/PXL_20250714_132720955-scaled-e1755702941978.jpg 1583w, https:\/\/www.trafficangel.co.uk\/wp-content\/uploads\/2025\/08\/PXL_20250714_132720955-scaled-e1755702941978-272x300.jpg 272w, https:\/\/www.trafficangel.co.uk\/wp-content\/uploads\/2025\/08\/PXL_20250714_132720955-scaled-e1755702941978-768x847.jpg 768w, https:\/\/www.trafficangel.co.uk\/wp-content\/uploads\/2025\/08\/PXL_20250714_132720955-scaled-e1755702941978-1393x1536.jpg 1393w, https:\/\/www.trafficangel.co.uk\/wp-content\/uploads\/2025\/08\/PXL_20250714_132720955-scaled-e1755702941978-11x12.jpg 11w, https:\/\/www.trafficangel.co.uk\/wp-content\/uploads\/2025\/08\/PXL_20250714_132720955-scaled-e1755702941978-260x287.jpg 260w, https:\/\/www.trafficangel.co.uk\/wp-content\/uploads\/2025\/08\/PXL_20250714_132720955-scaled-e1755702941978-544x600.jpg 544w, https:\/\/www.trafficangel.co.uk\/wp-content\/uploads\/2025\/08\/PXL_20250714_132720955-scaled-e1755702941978-600x661.jpg 600w, https:\/\/www.trafficangel.co.uk\/wp-content\/uploads\/2025\/08\/PXL_20250714_132720955-scaled-e1755702941978-64x71.jpg 64w\" sizes=\"auto, (max-width: 1583px) 100vw, 1583px\" \/><\/figure><div class=\"wp-block-media-text__content\"><h2 class=\"wp-block-heading\">So funktionieren DVRs in Ihrer Flotte<\/h2>\n\n<div class=\"wp-block-columns are-vertically-aligned-center is-layout-flex wp-container-core-columns-is-layout-9d6595d7 wp-block-columns-is-layout-flex\"><div class=\"wp-block-column is-vertically-aligned-center is-layout-flow wp-block-column-is-layout-flow\" style=\"flex-basis:100%\"><p>Ein diskret in der Kabine eingebauter DVR zeichnet kontinuierlich Videos von angeschlossenen <a href=\"https:\/\/www.trafficangel.co.uk\/de\/kameras\/\">Kameras<\/a>, die Folgendes umfassen k\u00f6nnen: <a href=\"https:\/\/www.trafficangel.co.uk\/de\/kameras\/frontkameras\/\">nach vorne gerichtete Einheiten<\/a>, <a href=\"https:\/\/www.trafficangel.co.uk\/de\/kameras\/ruckfahrkameras\/\">R\u00fcckfahrkameras<\/a>, Und <a href=\"https:\/\/www.trafficangel.co.uk\/de\/kameras\/seitenkameras\/\">Seitenblickkameras<\/a> um tote Winkel abzudecken. Die Systeme k\u00f6nnen auch so konfiguriert werden, dass sie zus\u00e4tzliche Kameras enthalten, wie z. B. <a href=\"https:\/\/www.trafficangel.co.uk\/de\/kameras\/interne-und-ip-kameras\/\">interne Kabinenkameras<\/a> oder Ladekameras, um die Ladung zu \u00fcberwachen. Diese k\u00f6nnen an das jeweilige Fahrzeug oder die Anwendung angepasst werden.<\/p><\/div><\/div>\n\n<p>Das Filmmaterial wird sicher in einem verschlossenen, manipulationssicheren Ger\u00e4t gespeichert und bleibt somit f\u00fcr Ermittlungen oder Versicherungsanspr\u00fcche nutzbar. Diese \u00fcbersichtliche Aufzeichnung kann dazu beitragen, Streitigkeiten schnell zu l\u00f6sen, betr\u00fcgerische Anspr\u00fcche abzuwehren und sogar bei Schulungen sichere Fahrpraktiken hervorzuheben.<\/p><\/div><\/div><h2 class=\"wp-block-heading\">TrafficAngel Digitale Videorekorder<\/h2><p>Die digitalen TrafficAngel-Videorekorder sind f\u00fcr die anspruchsvollen Umgebungsbedingungen in Nutzfahrzeugen konzipiert und bieten hochwertige Aufzeichnungen, fortschrittliche Funktionen und Technologien, eine robuste, f\u00fcr den gewerblichen Einsatz geeignete Konstruktion und speziell entwickeltes Zubeh\u00f6r f\u00fcr die professionelle Installation.<\/p><p>Egal, ob es sich um einen Lkw, einen Transporter, einen Kipper oder eine Baumaschine handelt, ein DVR-basiertes System hilft Ihnen, Ihre Fahrer zu sch\u00fctzen, Ihr Unternehmen zu sichern und die Sicherheitserwartungen von Kunden und Aufsichtsbeh\u00f6rden zu erf\u00fcllen. F\u00fcr eine Beratung \u00fcber das am besten geeignete DVR-Paket f\u00fcr Ihren Fuhrpark kontaktieren Sie uns bitte noch heute.<\/p><h2 class=\"wp-block-heading\">Zus\u00e4tzliches LiveDrive<\/h2><p>Unsere zus\u00e4tzliche LiveDrive-Funktion, entweder mit 4G- oder Wi-Fi-Verbindung, erm\u00f6glicht es den Nutzern, das Filmmaterial live oder aufgezeichnet von \u00fcberall und mit jedem Ger\u00e4t aus der Ferne anzusehen und herunterzuladen. Das System zeichnet neben der Live-Ansicht des Standorts auch die zur\u00fcckgelegte Strecke auf und erstellt Berichte mit Informationen \u00fcber das Fahrerverhalten, die Fahrzeugstatistik und den Systemzustand. Aufgezeichnetes Filmmaterial und GPS-Tracking-Daten k\u00f6nnen \u00fcber die PC-Software aus der Ferne heruntergeladen werden. Unsere LiveDrive-Software ist f\u00fcr Android, iOS, Windows und Webbrowser verf\u00fcgbar, so dass Sie von jedem Ort aus einfachen Zugriff haben.<\/p><p>Unser Team bespricht gerne mit Ihnen, wie wir Ihren Fuhrpark unterst\u00fctzen k\u00f6nnen. Bitte <a href=\"\/de\/kontakt\/\">Kontakt<\/a> um zu sehen, wie wir Ihnen heute helfen k\u00f6nnen!<\/p><figure class=\"wp-block-embed is-type-video is-provider-youtube wp-block-embed-youtube wp-embed-aspect-16-9 wp-has-aspect-ratio\"><div class=\"wp-block-embed__wrapper\">\n<iframe loading=\"lazy\" title=\"So funktioniert das digitale Videoaufzeichnungssystem von TrafficAngel in der Praxis | Sicherheit f\u00fcr gewerbliche Flotten | DVR\" width=\"1778\" height=\"1000\" src=\"https:\/\/www.youtube.com\/embed\/SLgmqrvRJj4?feature=oembed\" frameborder=\"0\" allow=\"accelerometer; autoplay; clipboard-write; encrypted-media; gyroscope; picture-in-picture; web-share\" referrerpolicy=\"strict-origin-when-cross-origin\" allowfullscreen><\/iframe>\n<\/div><\/figure>","protected":false},"excerpt":{"rendered":"<p>Top Benefits for Operators The benefits of using digital video recorders within your fleet include: TrafficAngel Digital Video Recorders TrafficAngel digital video recorders are designed for the demanding environments faced<\/p>","protected":false},"author":7,"featured_media":3982,"parent":0,"menu_order":0,"comment_status":"closed","ping_status":"closed","template":"","meta":{"_acf_changed":false,"footnotes":""},"class_list":["post-3981","page","type-page","status-publish","has-post-thumbnail","hentry"],"acf":[],"_links":{"self":[{"href":"https:\/\/www.trafficangel.co.uk\/de\/wp-json\/wp\/v2\/pages\/3981","targetHints":{"allow":["GET"]}}],"collection":[{"href":"https:\/\/www.trafficangel.co.uk\/de\/wp-json\/wp\/v2\/pages"}],"about":[{"href":"https:\/\/www.trafficangel.co.uk\/de\/wp-json\/wp\/v2\/types\/page"}],"author":[{"embeddable":true,"href":"https:\/\/www.trafficangel.co.uk\/de\/wp-json\/wp\/v2\/users\/7"}],"replies":[{"embeddable":true,"href":"https:\/\/www.trafficangel.co.uk\/de\/wp-json\/wp\/v2\/comments?post=3981"}],"version-history":[{"count":26,"href":"https:\/\/www.trafficangel.co.uk\/de\/wp-json\/wp\/v2\/pages\/3981\/revisions"}],"predecessor-version":[{"id":6131,"href":"https:\/\/www.trafficangel.co.uk\/de\/wp-json\/wp\/v2\/pages\/3981\/revisions\/6131"}],"wp:featuredmedia":[{"embeddable":true,"href":"https:\/\/www.trafficangel.co.uk\/de\/wp-json\/wp\/v2\/media\/3982"}],"wp:attachment":[{"href":"https:\/\/www.trafficangel.co.uk\/de\/wp-json\/wp\/v2\/media?parent=3981"}],"curies":[{"name":"wp","href":"https:\/\/api.w.org\/{rel}","templated":true}]}}