{"id":204,"date":"2023-12-15T11:17:01","date_gmt":"2023-12-15T11:17:01","guid":{"rendered":"http:\/\/traffic-angel.local\/?page_id=204"},"modified":"2025-10-15T07:56:01","modified_gmt":"2025-10-15T07:56:01","slug":"uber-uns","status":"publish","type":"page","link":"https:\/\/www.trafficangel.co.uk\/de\/uber-uns\/","title":{"rendered":"\u00dcber uns"},"content":{"rendered":"<p>Der Slogan von TrafficAngel lautet \u201eIntelligente Transporttechnologie\u201c und trifft den Kern unserer Arbeit: Wir liefern und installieren Kamera- und Sensorsicherheitsausr\u00fcstung f\u00fcr die Transportbranche, die die vielf\u00e4ltigen Anforderungen unserer Kunden intelligent erf\u00fcllt.<\/p><div id=\"\"\n    class=\"flex flex-wrap my-12 lg:flex-nowrap text-image-split-block\">\n    <div class=\"w-full h-[350px] lg:h-auto lg:w-1\/2 md:order-1 bg-cover bg-center bg-no-repeat text-image-image\"\n        style=\"background-image: url('https:\/\/www.trafficangel.co.uk\/wp-content\/uploads\/2024\/04\/20240316_124142_cropped-scaled.jpg');\">\n\n    <\/div>\n    <div class=\"w-full lg:w-1\/2 md:order-2 flex items-center bg-offWhite px-4 md:px-8 lg:px-14 md:py-12 py-5\">\n        <div class=\"split-block-content\">\n                        <h2 class=\"split-block-title mb-3 text-2xl lg:mb-4 text-secondary md:text-3xl font-roboto lg:text-3xl\">\n                Erfahren Sie mehr \u00fcber uns            <\/h2>\n                                    <div class=\"p-0 mb-0 text-base\">\n                <p>Seit 2004 verzeichnet TrafficAngel ein enormes Wachstum und beliefert und betreut mittlerweile Kunden in der gesamten Branche, vom Einzelunternehmer bis hin zu Flotten mit 2.000 oder mehr Fahrzeugen.<\/p>\n<p>Von Rundumleuchten, Warnleuchten, Sicherheitssensoren vorn und hinten und Blinkern bis hin zu den neuesten Live-Videoaufzeichnungen \u2013 wir sind \u00fcberzeugt, dass TrafficAngel die zentrale Anlaufstelle f\u00fcr alles rund um die Verkehrssicherheit ist!<\/p>\n            <\/div>\n                    <\/div>\n    <\/div>\n<\/div><p><strong>Wir glauben, dass wir als Unternehmen aus den folgenden Gr\u00fcnden gewachsen sind:<\/strong><\/p><ul class=\"wp-block-list\"><li>Wir haben die F\u00e4higkeit, schnell auf individuelle Kundenw\u00fcnsche zu reagieren<\/li>\n\n<li>Wir verf\u00fcgen \u00fcber die Kompetenz, ma\u00dfgeschneiderte Kamera- und Sensorsysteme f\u00fcr alle Arten von Fahrzeugen zu entwerfen, zu liefern und zu installieren<\/li>\n\n<li>Wir k\u00f6nnen sowohl gro\u00dfe als auch kleine Auftragstermine schnell und effizient einhalten<\/li>\n\n<li>Wir geben unseren Kunden die Zeit, die sie verdienen, und vor allem\u2026<\/li>\n\n<li>Wir bieten jedem Kunden einen direkten und sachkundigen Ansprechpartner, wenn das Telefon klingelt. Mit TrafficAngel m\u00fcssen Sie nicht in einer automatisierten Warteschlange warten!&nbsp;<\/li><\/ul><div id=\"\"\n    class=\"flex flex-wrap my-12 lg:flex-nowrap text-image-split-block\">\n    <div class=\"w-full h-[350px] lg:h-auto lg:w-1\/2 md:order-2 bg-cover bg-center bg-no-repeat text-image-image\"\n        style=\"background-image: url('https:\/\/www.trafficangel.co.uk\/wp-content\/uploads\/2024\/08\/bg_home-copy.jpg');\">\n\n    <\/div>\n    <div class=\"w-full lg:w-1\/2 md:order-1 flex items-center bg-offWhite px-4 md:px-8 lg:px-14 md:py-12 py-5\">\n        <div class=\"split-block-content\">\n                        <h2 class=\"split-block-title mb-3 text-2xl lg:mb-4 text-secondary md:text-3xl font-roboto lg:text-3xl\">\n                Progressives sicheres System            <\/h2>\n                                    <div class=\"p-0 mb-0 text-base\">\n                <p>Und jetzt, mit der vorgeschriebenen fl\u00e4chendeckenden Einf\u00fchrung des TfL Progressive Safe Systems in ganz London, bedienen wir unseren bestehenden Kundenstamm und gewinnen viele neue Kunden mit der neuesten KI-Kameratechnologie und liefern und installieren diese Systeme mit dem gleichen Ma\u00df an Professionalit\u00e4t.<\/p>\n<p>Bitte sprechen Sie mit uns \u00fcber alle Anforderungen, die Sie beim Vorw\u00e4rts- und R\u00fcckw\u00e4rtsfahren oder beim sicheren Fahren mit einem Nutzfahrzeug haben!<\/p>\n            <\/div>\n                    <\/div>\n    <\/div>\n<\/div>","protected":false},"excerpt":{"rendered":"<p>Der Slogan von TrafficAngel lautet \u201eIntelligente Transporttechnologie\u201c und das ist der Kern dessen, was wir tun: Wir liefern und installieren Kamera- und Sensorsicherheitsausr\u00fcstung f\u00fcr die Transportbranche, die<\/p>","protected":false},"author":1,"featured_media":0,"parent":0,"menu_order":0,"comment_status":"closed","ping_status":"closed","template":"","meta":{"_acf_changed":false,"footnotes":""},"class_list":["post-204","page","type-page","status-publish","hentry"],"acf":[],"_links":{"self":[{"href":"https:\/\/www.trafficangel.co.uk\/de\/wp-json\/wp\/v2\/pages\/204","targetHints":{"allow":["GET"]}}],"collection":[{"href":"https:\/\/www.trafficangel.co.uk\/de\/wp-json\/wp\/v2\/pages"}],"about":[{"href":"https:\/\/www.trafficangel.co.uk\/de\/wp-json\/wp\/v2\/types\/page"}],"author":[{"embeddable":true,"href":"https:\/\/www.trafficangel.co.uk\/de\/wp-json\/wp\/v2\/users\/1"}],"replies":[{"embeddable":true,"href":"https:\/\/www.trafficangel.co.uk\/de\/wp-json\/wp\/v2\/comments?post=204"}],"version-history":[{"count":64,"href":"https:\/\/www.trafficangel.co.uk\/de\/wp-json\/wp\/v2\/pages\/204\/revisions"}],"predecessor-version":[{"id":3952,"href":"https:\/\/www.trafficangel.co.uk\/de\/wp-json\/wp\/v2\/pages\/204\/revisions\/3952"}],"wp:attachment":[{"href":"https:\/\/www.trafficangel.co.uk\/de\/wp-json\/wp\/v2\/media?parent=204"}],"curies":[{"name":"wp","href":"https:\/\/api.w.org\/{rel}","templated":true}]}}