{"id":2997,"date":"2024-07-29T10:31:19","date_gmt":"2024-07-29T10:31:19","guid":{"rendered":"https:\/\/trafficangel-qqzv.temp-dns.com\/?post_type=product&#038;p=2997"},"modified":"2025-10-20T14:20:44","modified_gmt":"2025-10-20T14:20:44","slug":"napajeci-kabel-do-zasuvky-zapalovace-cigaret-pro-bezpecny-system-trafficangel","status":"publish","type":"product","link":"https:\/\/www.trafficangel.co.uk\/cs\/produkt-2\/napajeci-kabel-do-zasuvky-zapalovace-cigaret-pro-bezpecny-system-trafficangel\/","title":{"rendered":"Nap\u00e1jec\u00ed kabel do zapalova\u010de cigaret pro syst\u00e9m TrafficAngel Safe"},"content":{"rendered":"<p>Adapt\u00e9r do zapalova\u010de cigaret lze pou\u017e\u00edt pro kalibraci AI kamer od TrafficAngel <a href=\"https:\/\/www.trafficangel.co.uk\/cs\/progresivni-bezpecnostni-system\/\" target=\"_blank\" rel=\"noopener\">Progresivn\u00ed bezpe\u010dn\u00fd syst\u00e9m<\/a>. Tento adapt\u00e9r umo\u017e\u0148uje, aby byla kamera nap\u00e1jena z 12V v\u00fdstupu vozidla b\u011bhem instalace a kalibrace.<\/p>","protected":false},"excerpt":{"rendered":"<p>Nap\u00e1jec\u00ed kabel do zapalova\u010de cigaret pro syst\u00e9m TrafficAngel Safe<\/p>","protected":false},"featured_media":2999,"template":"","meta":{"_acf_changed":false},"product_cat":[85,53],"product_tag":[],"class_list":{"0":"post-2997","1":"product","2":"type-product","3":"status-publish","4":"has-post-thumbnail","6":"product_cat-components","7":"product_cat-progressive-safe-system","9":"first","10":"instock","11":"taxable","12":"shipping-taxable","13":"purchasable","14":"product-type-simple"},"acf":[],"_links":{"self":[{"href":"https:\/\/www.trafficangel.co.uk\/cs\/wp-json\/wp\/v2\/product\/2997","targetHints":{"allow":["GET"]}}],"collection":[{"href":"https:\/\/www.trafficangel.co.uk\/cs\/wp-json\/wp\/v2\/product"}],"about":[{"href":"https:\/\/www.trafficangel.co.uk\/cs\/wp-json\/wp\/v2\/types\/product"}],"wp:featuredmedia":[{"embeddable":true,"href":"https:\/\/www.trafficangel.co.uk\/cs\/wp-json\/wp\/v2\/media\/2999"}],"wp:attachment":[{"href":"https:\/\/www.trafficangel.co.uk\/cs\/wp-json\/wp\/v2\/media?parent=2997"}],"wp:term":[{"taxonomy":"product_cat","embeddable":true,"href":"https:\/\/www.trafficangel.co.uk\/cs\/wp-json\/wp\/v2\/product_cat?post=2997"},{"taxonomy":"product_tag","embeddable":true,"href":"https:\/\/www.trafficangel.co.uk\/cs\/wp-json\/wp\/v2\/product_tag?post=2997"}],"curies":[{"name":"wp","href":"https:\/\/api.w.org\/{rel}","templated":true}]}}