{"id":2710,"date":"2024-05-26T20:08:35","date_gmt":"2024-05-26T20:08:35","guid":{"rendered":"https:\/\/trafficangel-qqzv.temp-dns.com\/?post_type=product&#038;p=2710"},"modified":"2024-10-23T10:55:31","modified_gmt":"2024-10-23T10:55:31","slug":"premiova-instalacni-sada-pro-progresivni-bezpecnostni-system-trafficangel-2","status":"publish","type":"product","link":"https:\/\/www.trafficangel.co.uk\/cs\/produkt-2\/premiova-instalacni-sada-pro-progresivni-bezpecnostni-system-trafficangel-2\/","title":{"rendered":"Pr\u00e9miov\u00e1 instala\u010dn\u00ed sada pro progresivn\u00ed bezpe\u010dn\u00fd syst\u00e9m TrafficAngel"},"content":{"rendered":"<p>Tato instala\u010dn\u00ed sada pro TrafficAngel <a href=\"https:\/\/www.trafficangel.co.uk\/cs\/progresivni-bezpecnostni-system\/\" target=\"_blank\" rel=\"noopener\">Progresivn\u00ed bezpe\u010dn\u00fd syst\u00e9m<\/a> je nutn\u00fd pro nastaven\u00ed a kalibraci syst\u00e9mu.<\/p>\n<p>Sada obsahuje n\u00e1sleduj\u00edc\u00ed polo\u017eky:<\/p>\n<p>1x 8\u2033 tablet, p\u0159ednastaven\u00ed s kalibra\u010dn\u00ed aplikac\u00ed<\/p>\n<p>1x pouzdro na stylus a tablet<\/p>\n<p>1x n\u00e1stroj pro kalibraci Wi-Fi<\/p>\n<p>6x zna\u010dkovac\u00ed ku\u017eel<\/p>\n<p>1x nap\u00e1jec\u00ed adapt\u00e9r do z\u00e1suvky zapalova\u010de<\/p>","protected":false},"excerpt":{"rendered":"<p>Pr\u00e9miov\u00e1 instala\u010dn\u00ed sada pro progresivn\u00ed bezpe\u010dn\u00fd syst\u00e9m TrafficAngel<\/p>","protected":false},"featured_media":2926,"template":"","meta":{"_acf_changed":false},"product_cat":[85,53],"product_tag":[],"class_list":{"0":"post-2710","1":"product","2":"type-product","3":"status-publish","4":"has-post-thumbnail","6":"product_cat-components","7":"product_cat-progressive-safe-system","9":"first","10":"instock","11":"taxable","12":"shipping-taxable","13":"purchasable","14":"product-type-simple"},"acf":[],"_links":{"self":[{"href":"https:\/\/www.trafficangel.co.uk\/cs\/wp-json\/wp\/v2\/product\/2710","targetHints":{"allow":["GET"]}}],"collection":[{"href":"https:\/\/www.trafficangel.co.uk\/cs\/wp-json\/wp\/v2\/product"}],"about":[{"href":"https:\/\/www.trafficangel.co.uk\/cs\/wp-json\/wp\/v2\/types\/product"}],"wp:featuredmedia":[{"embeddable":true,"href":"https:\/\/www.trafficangel.co.uk\/cs\/wp-json\/wp\/v2\/media\/2926"}],"wp:attachment":[{"href":"https:\/\/www.trafficangel.co.uk\/cs\/wp-json\/wp\/v2\/media?parent=2710"}],"wp:term":[{"taxonomy":"product_cat","embeddable":true,"href":"https:\/\/www.trafficangel.co.uk\/cs\/wp-json\/wp\/v2\/product_cat?post=2710"},{"taxonomy":"product_tag","embeddable":true,"href":"https:\/\/www.trafficangel.co.uk\/cs\/wp-json\/wp\/v2\/product_tag?post=2710"}],"curies":[{"name":"wp","href":"https:\/\/api.w.org\/{rel}","templated":true}]}}