{"id":2708,"date":"2024-05-26T20:06:03","date_gmt":"2024-05-26T20:06:03","guid":{"rendered":"https:\/\/trafficangel-qqzv.temp-dns.com\/?post_type=product&#038;p=2708"},"modified":"2026-02-18T15:28:06","modified_gmt":"2026-02-18T15:28:06","slug":"integracni-2kanalovy-modul-dvr-kamery-pro-progresivni-bezpecnostni-system-trafficangel","status":"publish","type":"product","link":"https:\/\/www.trafficangel.co.uk\/cs\/produkt-2\/integracni-2kanalovy-modul-dvr-kamery-pro-progresivni-bezpecnostni-system-trafficangel\/","title":{"rendered":"Integrace DVR kamery 2kan\u00e1lov\u00fd modul pro TrafficAngel Progressive Safe System"},"content":{"rendered":"<p>Tento integra\u010dn\u00ed modul DVR umo\u017e\u0148uje p\u0159edn\u00ed a bo\u010dn\u00ed kameru z TrafficAngel <a href=\"https:\/\/www.trafficangel.co.uk\/cs\/progresivni-bezpecnostni-system\/\" target=\"_blank\" rel=\"noopener\">Progresivn\u00ed bezpe\u010dn\u00fd syst\u00e9m<\/a> k pou\u017eit\u00ed jako sou\u010d\u00e1st na\u0161eho nahr\u00e1vac\u00edho syst\u00e9mu TA2. Modul m\u00e1 2x vstupy (pro p\u0159edn\u00ed kameru a bo\u010dn\u00ed kameru) a v\u00fdstupy, kter\u00e9 jdou do PSS ECU a DVR. To umo\u017e\u0148uje, aby funkce run-on-record na\u0161ich DVR syst\u00e9m\u016f fungovala bez nutnosti zap\u00ednat PSS.<\/p>\n<p>Vezm\u011bte pros\u00edm na v\u011bdom\u00ed, \u017ee nedoporu\u010dujeme integrovat p\u0159edn\u00ed kameru, pokud pou\u017e\u00edv\u00e1te na\u0161i extern\u00ed p\u0159edn\u00ed kameru (PSS-EFC, sou\u010d\u00e1st PSS-3E). M\u00edsto toho pou\u017eijte PSS-DVR-SCI, co\u017e je verze tohoto produktu pouze pro integraci bo\u010dn\u00ed kamery.<\/p>","protected":false},"excerpt":{"rendered":"<p>Integra\u010dn\u00ed 2kan\u00e1lov\u00fd modul DVR kamery pro progresivn\u00ed bezpe\u010dn\u00fd syst\u00e9m TrafficAngel<\/p>","protected":false},"featured_media":2940,"template":"","meta":{"_acf_changed":false},"product_cat":[85,53],"product_tag":[],"class_list":{"0":"post-2708","1":"product","2":"type-product","3":"status-publish","4":"has-post-thumbnail","6":"product_cat-components","7":"product_cat-progressive-safe-system","9":"first","10":"instock","11":"taxable","12":"shipping-taxable","13":"purchasable","14":"product-type-simple"},"acf":[],"_links":{"self":[{"href":"https:\/\/www.trafficangel.co.uk\/cs\/wp-json\/wp\/v2\/product\/2708","targetHints":{"allow":["GET"]}}],"collection":[{"href":"https:\/\/www.trafficangel.co.uk\/cs\/wp-json\/wp\/v2\/product"}],"about":[{"href":"https:\/\/www.trafficangel.co.uk\/cs\/wp-json\/wp\/v2\/types\/product"}],"wp:featuredmedia":[{"embeddable":true,"href":"https:\/\/www.trafficangel.co.uk\/cs\/wp-json\/wp\/v2\/media\/2940"}],"wp:attachment":[{"href":"https:\/\/www.trafficangel.co.uk\/cs\/wp-json\/wp\/v2\/media?parent=2708"}],"wp:term":[{"taxonomy":"product_cat","embeddable":true,"href":"https:\/\/www.trafficangel.co.uk\/cs\/wp-json\/wp\/v2\/product_cat?post=2708"},{"taxonomy":"product_tag","embeddable":true,"href":"https:\/\/www.trafficangel.co.uk\/cs\/wp-json\/wp\/v2\/product_tag?post=2708"}],"curies":[{"name":"wp","href":"https:\/\/api.w.org\/{rel}","templated":true}]}}