{"id":1713,"date":"2024-01-19T12:50:48","date_gmt":"2024-01-19T12:50:48","guid":{"rendered":"https:\/\/trafficangel-qqzv.temp-dns.com\/product\/trafficangel-safe-system-power-gps-gyro-trigger-cable\/"},"modified":"2025-10-20T11:01:45","modified_gmt":"2025-10-20T11:01:45","slug":"kabel-pro-spousteni-gyroskopu-s-napajenim-gps-pro-progresivni-bezpecnostni-system-trafficangel","status":"publish","type":"product","link":"https:\/\/www.trafficangel.co.uk\/cs\/produkt-2\/kabel-pro-spousteni-gyroskopu-s-napajenim-gps-pro-progresivni-bezpecnostni-system-trafficangel\/","title":{"rendered":"Nap\u00e1jec\u00ed\/GPS-Gyro\/Trigger kabel pro progresivn\u00ed bezpe\u010dn\u00fd syst\u00e9m TrafficAngel"},"content":{"rendered":"<p>Kabel pro p\u0159ipojen\u00ed modulu gyroskopu\/GPS, oto\u010dn\u00e9ho alarmu a sp\u00edna\u010de potla\u010den\u00ed, kter\u00fd tak\u00e9 poskytuje vstupy pro levou, pravou a parkovac\u00ed brzdu, v\u0161e p\u0159ipojen\u00ed do <a href=\"https:\/\/www.trafficangel.co.uk\/cs\/progresivni-bezpecnostni-system\/\" target=\"_blank\" rel=\"noopener\">Progresivn\u00ed bezpe\u010dn\u00fd syst\u00e9m<\/a> ECU PSS.<\/p>","protected":false},"excerpt":{"rendered":"<p>Nap\u00e1jec\u00ed\/GPS-Gyro\/Trigger kabel pro progresivn\u00ed bezpe\u010dn\u00fd syst\u00e9m TrafficAngel<\/p>","protected":false},"featured_media":1924,"template":"","meta":{"_acf_changed":false},"product_cat":[85,53],"product_tag":[],"class_list":{"0":"post-1713","1":"product","2":"type-product","3":"status-publish","4":"has-post-thumbnail","6":"product_cat-components","7":"product_cat-progressive-safe-system","9":"first","10":"instock","11":"taxable","12":"shipping-taxable","13":"purchasable","14":"product-type-simple"},"acf":[],"_links":{"self":[{"href":"https:\/\/www.trafficangel.co.uk\/cs\/wp-json\/wp\/v2\/product\/1713","targetHints":{"allow":["GET"]}}],"collection":[{"href":"https:\/\/www.trafficangel.co.uk\/cs\/wp-json\/wp\/v2\/product"}],"about":[{"href":"https:\/\/www.trafficangel.co.uk\/cs\/wp-json\/wp\/v2\/types\/product"}],"wp:featuredmedia":[{"embeddable":true,"href":"https:\/\/www.trafficangel.co.uk\/cs\/wp-json\/wp\/v2\/media\/1924"}],"wp:attachment":[{"href":"https:\/\/www.trafficangel.co.uk\/cs\/wp-json\/wp\/v2\/media?parent=1713"}],"wp:term":[{"taxonomy":"product_cat","embeddable":true,"href":"https:\/\/www.trafficangel.co.uk\/cs\/wp-json\/wp\/v2\/product_cat?post=1713"},{"taxonomy":"product_tag","embeddable":true,"href":"https:\/\/www.trafficangel.co.uk\/cs\/wp-json\/wp\/v2\/product_tag?post=1713"}],"curies":[{"name":"wp","href":"https:\/\/api.w.org\/{rel}","templated":true}]}}