{"id":1708,"date":"2024-01-19T12:50:46","date_gmt":"2024-01-19T12:50:46","guid":{"rendered":"https:\/\/trafficangel-qqzv.temp-dns.com\/product\/trafficangel-safe-system-front-camera-1080p-12v\/"},"modified":"2025-10-20T10:52:58","modified_gmt":"2025-10-20T10:52:58","slug":"predni-kamera-pro-progresivni-bezpecnostni-system-trafficangel","status":"publish","type":"product","link":"https:\/\/www.trafficangel.co.uk\/cs\/produkt-2\/predni-kamera-pro-progresivni-bezpecnostni-system-trafficangel\/","title":{"rendered":"P\u0159edn\u00ed kamera pro TrafficAngel Progressive Safe System"},"content":{"rendered":"<p>Vnit\u0159n\u00ed p\u0159edn\u00ed kamera pro pou\u017eit\u00ed s TrafficAngel <a href=\"https:\/\/www.trafficangel.co.uk\/cs\/progresivni-bezpecnostni-system\/\">Progresivn\u00ed bezpe\u010dn\u00fd syst\u00e9m<\/a>AI kamera, namontovan\u00e1 na vnit\u0159n\u00ed stran\u011b \u010deln\u00edho skla, se pou\u017e\u00edv\u00e1 jako sou\u010d\u00e1st na\u0161eho informa\u010dn\u00edho syst\u00e9mu MOIS (Moving Off Information System). Fotoapar\u00e1t je dod\u00e1v\u00e1n se silnou 3M samolepic\u00ed podlo\u017ekou. Vezm\u011bte pros\u00edm na v\u011bdom\u00ed, \u017ee pro instalaci t\u00e9to kamery je nutn\u00e1 na\u0161e instala\u010dn\u00ed sada pro kalibraci.<\/p>","protected":false},"excerpt":{"rendered":"<p>P\u0159edn\u00ed kamera pro progresivn\u00ed bezpe\u010dn\u00fd syst\u00e9m TrafficAngel<\/p>","protected":false},"featured_media":1961,"template":"","meta":{"_acf_changed":false},"product_cat":[85,53],"product_tag":[],"class_list":{"0":"post-1708","1":"product","2":"type-product","3":"status-publish","4":"has-post-thumbnail","6":"product_cat-components","7":"product_cat-progressive-safe-system","9":"first","10":"instock","11":"taxable","12":"shipping-taxable","13":"purchasable","14":"product-type-simple"},"acf":[],"_links":{"self":[{"href":"https:\/\/www.trafficangel.co.uk\/cs\/wp-json\/wp\/v2\/product\/1708","targetHints":{"allow":["GET"]}}],"collection":[{"href":"https:\/\/www.trafficangel.co.uk\/cs\/wp-json\/wp\/v2\/product"}],"about":[{"href":"https:\/\/www.trafficangel.co.uk\/cs\/wp-json\/wp\/v2\/types\/product"}],"wp:featuredmedia":[{"embeddable":true,"href":"https:\/\/www.trafficangel.co.uk\/cs\/wp-json\/wp\/v2\/media\/1961"}],"wp:attachment":[{"href":"https:\/\/www.trafficangel.co.uk\/cs\/wp-json\/wp\/v2\/media?parent=1708"}],"wp:term":[{"taxonomy":"product_cat","embeddable":true,"href":"https:\/\/www.trafficangel.co.uk\/cs\/wp-json\/wp\/v2\/product_cat?post=1708"},{"taxonomy":"product_tag","embeddable":true,"href":"https:\/\/www.trafficangel.co.uk\/cs\/wp-json\/wp\/v2\/product_tag?post=1708"}],"curies":[{"name":"wp","href":"https:\/\/api.w.org\/{rel}","templated":true}]}}