{"id":1700,"date":"2024-01-19T12:50:46","date_gmt":"2024-01-19T12:50:46","guid":{"rendered":"https:\/\/trafficangel-qqzv.temp-dns.com\/product\/trafficangel-safe-system-main-display\/"},"modified":"2025-10-20T10:28:06","modified_gmt":"2025-10-20T10:28:06","slug":"hlavni-displej-pro-progresivni-bezpecnostni-system-trafficangel","status":"publish","type":"product","link":"https:\/\/www.trafficangel.co.uk\/cs\/produkt-2\/hlavni-displej-pro-progresivni-bezpecnostni-system-trafficangel\/","title":{"rendered":"Hlavn\u00ed displej pro TrafficAngel Progressive Safe System"},"content":{"rendered":"<p>Hlavn\u00ed displej pro TrafficAngel <a href=\"https:\/\/www.trafficangel.co.uk\/cs\/progresivni-bezpecnostni-system\/\" target=\"_blank\" rel=\"noopener\">Progresivn\u00ed bezpe\u010dn\u00fd syst\u00e9m<\/a>Tento displej se montuje na sloupek A na stran\u011b \u0159idi\u010de a poskytuje \u0159idi\u010di zvukov\u00e9 a vizu\u00e1ln\u00ed upozorn\u011bn\u00ed v souladu se specifikacemi TfL. Displej lze namontovat do na\u0161eho speci\u00e1ln\u00edho dr\u017e\u00e1ku na sloupek A, kter\u00fd poskytuje \u0159e\u0161en\u00ed odoln\u00e9 proti neopr\u00e1vn\u011bn\u00e9 manipulaci (prod\u00e1v\u00e1 se samostatn\u011b).<\/p>","protected":false},"excerpt":{"rendered":"<p>Hlavn\u00ed displej pro progresivn\u00ed bezpe\u010dn\u00fd syst\u00e9m TrafficAngel<\/p>","protected":false},"featured_media":1930,"template":"","meta":{"_acf_changed":false},"product_cat":[85,53],"product_tag":[],"class_list":{"0":"post-1700","1":"product","2":"type-product","3":"status-publish","4":"has-post-thumbnail","6":"product_cat-components","7":"product_cat-progressive-safe-system","9":"first","10":"instock","11":"taxable","12":"shipping-taxable","13":"purchasable","14":"product-type-simple"},"acf":[],"_links":{"self":[{"href":"https:\/\/www.trafficangel.co.uk\/cs\/wp-json\/wp\/v2\/product\/1700","targetHints":{"allow":["GET"]}}],"collection":[{"href":"https:\/\/www.trafficangel.co.uk\/cs\/wp-json\/wp\/v2\/product"}],"about":[{"href":"https:\/\/www.trafficangel.co.uk\/cs\/wp-json\/wp\/v2\/types\/product"}],"wp:featuredmedia":[{"embeddable":true,"href":"https:\/\/www.trafficangel.co.uk\/cs\/wp-json\/wp\/v2\/media\/1930"}],"wp:attachment":[{"href":"https:\/\/www.trafficangel.co.uk\/cs\/wp-json\/wp\/v2\/media?parent=1700"}],"wp:term":[{"taxonomy":"product_cat","embeddable":true,"href":"https:\/\/www.trafficangel.co.uk\/cs\/wp-json\/wp\/v2\/product_cat?post=1700"},{"taxonomy":"product_tag","embeddable":true,"href":"https:\/\/www.trafficangel.co.uk\/cs\/wp-json\/wp\/v2\/product_tag?post=1700"}],"curies":[{"name":"wp","href":"https:\/\/api.w.org\/{rel}","templated":true}]}}