{"id":1518,"date":"2024-01-19T12:50:09","date_gmt":"2024-01-19T12:50:09","guid":{"rendered":"http:\/\/traffic-angel.local\/product\/surface-mount-housing-for-proximity-sensor\/"},"modified":"2025-10-20T13:08:39","modified_gmt":"2025-10-20T13:08:39","slug":"pouzdro-pro-povrchovou-montaz-pro-senzor-sp2","status":"publish","type":"product","link":"https:\/\/www.trafficangel.co.uk\/cs\/produkt-2\/pouzdro-pro-povrchovou-montaz-pro-senzor-sp2\/","title":{"rendered":"Pouzdro pro povrchovou mont\u00e1\u017e pro senzor SP2"},"content":{"rendered":"","protected":false},"excerpt":{"rendered":"<p>Pouzdro pro povrchovou mont\u00e1\u017e pro senzor SP2<\/p>","protected":false},"featured_media":688,"template":"","meta":{"_acf_changed":false},"product_cat":[29,88],"product_tag":[],"class_list":{"0":"post-1518","1":"product","2":"type-product","3":"status-publish","4":"has-post-thumbnail","6":"product_cat-sensor-systems","7":"product_cat-components-sensor-systems","9":"first","10":"instock","11":"taxable","12":"shipping-taxable","13":"purchasable","14":"product-type-simple"},"acf":[],"_links":{"self":[{"href":"https:\/\/www.trafficangel.co.uk\/cs\/wp-json\/wp\/v2\/product\/1518","targetHints":{"allow":["GET"]}}],"collection":[{"href":"https:\/\/www.trafficangel.co.uk\/cs\/wp-json\/wp\/v2\/product"}],"about":[{"href":"https:\/\/www.trafficangel.co.uk\/cs\/wp-json\/wp\/v2\/types\/product"}],"wp:featuredmedia":[{"embeddable":true,"href":"https:\/\/www.trafficangel.co.uk\/cs\/wp-json\/wp\/v2\/media\/688"}],"wp:attachment":[{"href":"https:\/\/www.trafficangel.co.uk\/cs\/wp-json\/wp\/v2\/media?parent=1518"}],"wp:term":[{"taxonomy":"product_cat","embeddable":true,"href":"https:\/\/www.trafficangel.co.uk\/cs\/wp-json\/wp\/v2\/product_cat?post=1518"},{"taxonomy":"product_tag","embeddable":true,"href":"https:\/\/www.trafficangel.co.uk\/cs\/wp-json\/wp\/v2\/product_tag?post=1518"}],"curies":[{"name":"wp","href":"https:\/\/api.w.org\/{rel}","templated":true}]}}