{"id":1512,"date":"2024-01-19T12:50:09","date_gmt":"2024-01-19T12:50:09","guid":{"rendered":"http:\/\/traffic-angel.local\/product\/5-3ch-monitor-with-loom-suction-mount-d1-12-24v\/"},"modified":"2025-10-20T13:04:57","modified_gmt":"2025-10-20T13:04:57","slug":"5-3kanalovy-monitor-s-prisavnym-drzakem-pro-kabelovy-svazek-d1","status":"publish","type":"product","link":"https:\/\/www.trafficangel.co.uk\/cs\/produkt-2\/5-3kanalovy-monitor-s-prisavnym-drzakem-pro-kabelovy-svazek-d1\/","title":{"rendered":"5\u2033 3kan\u00e1lov\u00fd monitor s tkalcovsk\u00fdm stavem a sac\u00edm dr\u017e\u00e1kem \u2013 D1"},"content":{"rendered":"","protected":false},"excerpt":{"rendered":"<p>5\u2033 3kan\u00e1lov\u00fd monitor s tkalcovsk\u00fdm a p\u0159\u00edsavn\u00fdm dr\u017e\u00e1kem \u2013 D1<\/p>","protected":false},"featured_media":1077,"template":"","meta":{"_acf_changed":false},"product_cat":[31,86],"product_tag":[],"class_list":{"0":"post-1512","1":"product","2":"type-product","3":"status-publish","4":"has-post-thumbnail","6":"product_cat-monitors","7":"product_cat-monitors1","9":"first","10":"instock","11":"taxable","12":"shipping-taxable","13":"purchasable","14":"product-type-simple"},"acf":[],"_links":{"self":[{"href":"https:\/\/www.trafficangel.co.uk\/cs\/wp-json\/wp\/v2\/product\/1512","targetHints":{"allow":["GET"]}}],"collection":[{"href":"https:\/\/www.trafficangel.co.uk\/cs\/wp-json\/wp\/v2\/product"}],"about":[{"href":"https:\/\/www.trafficangel.co.uk\/cs\/wp-json\/wp\/v2\/types\/product"}],"wp:featuredmedia":[{"embeddable":true,"href":"https:\/\/www.trafficangel.co.uk\/cs\/wp-json\/wp\/v2\/media\/1077"}],"wp:attachment":[{"href":"https:\/\/www.trafficangel.co.uk\/cs\/wp-json\/wp\/v2\/media?parent=1512"}],"wp:term":[{"taxonomy":"product_cat","embeddable":true,"href":"https:\/\/www.trafficangel.co.uk\/cs\/wp-json\/wp\/v2\/product_cat?post=1512"},{"taxonomy":"product_tag","embeddable":true,"href":"https:\/\/www.trafficangel.co.uk\/cs\/wp-json\/wp\/v2\/product_tag?post=1512"}],"curies":[{"name":"wp","href":"https:\/\/api.w.org\/{rel}","templated":true}]}}