{"id":1508,"date":"2024-01-19T12:50:05","date_gmt":"2024-01-19T12:50:05","guid":{"rendered":"http:\/\/traffic-angel.local\/product\/7-4ch-quad-monitor-with-loom-bracket-d1-12-24v\/"},"modified":"2025-07-29T10:37:33","modified_gmt":"2025-07-29T10:37:33","slug":"7-kanalovy-ctyrkanalovy-monitor-s-drzakem-pro-uchyceni-kabelu-d1","status":"publish","type":"product","link":"https:\/\/www.trafficangel.co.uk\/cs\/produkt-2\/7-kanalovy-ctyrkanalovy-monitor-s-drzakem-pro-uchyceni-kabelu-d1\/","title":{"rendered":"7\u2033 4kan\u00e1lov\u00fd \u010dty\u0159kan\u00e1lov\u00fd monitor s tkalcovsk\u00fdm stavem a dr\u017e\u00e1kem \u2013 D1"},"content":{"rendered":"","protected":false},"excerpt":{"rendered":"<p>7\u2033 4kan\u00e1lov\u00fd \u010dty\u0159kan\u00e1lov\u00fd monitor s tkalcovsk\u00fdm stavem a dr\u017e\u00e1kem \u2013 D1<\/p>","protected":false},"featured_media":1121,"template":"","meta":{"_acf_changed":false},"product_cat":[31,86],"product_tag":[],"class_list":{"0":"post-1508","1":"product","2":"type-product","3":"status-publish","4":"has-post-thumbnail","6":"product_cat-monitors","7":"product_cat-monitors1","9":"first","10":"instock","11":"taxable","12":"shipping-taxable","13":"purchasable","14":"product-type-simple"},"acf":[],"_links":{"self":[{"href":"https:\/\/www.trafficangel.co.uk\/cs\/wp-json\/wp\/v2\/product\/1508","targetHints":{"allow":["GET"]}}],"collection":[{"href":"https:\/\/www.trafficangel.co.uk\/cs\/wp-json\/wp\/v2\/product"}],"about":[{"href":"https:\/\/www.trafficangel.co.uk\/cs\/wp-json\/wp\/v2\/types\/product"}],"wp:featuredmedia":[{"embeddable":true,"href":"https:\/\/www.trafficangel.co.uk\/cs\/wp-json\/wp\/v2\/media\/1121"}],"wp:attachment":[{"href":"https:\/\/www.trafficangel.co.uk\/cs\/wp-json\/wp\/v2\/media?parent=1508"}],"wp:term":[{"taxonomy":"product_cat","embeddable":true,"href":"https:\/\/www.trafficangel.co.uk\/cs\/wp-json\/wp\/v2\/product_cat?post=1508"},{"taxonomy":"product_tag","embeddable":true,"href":"https:\/\/www.trafficangel.co.uk\/cs\/wp-json\/wp\/v2\/product_tag?post=1508"}],"curies":[{"name":"wp","href":"https:\/\/api.w.org\/{rel}","templated":true}]}}