{"id":1502,"date":"2024-01-19T12:50:05","date_gmt":"2024-01-19T12:50:05","guid":{"rendered":"http:\/\/traffic-angel.local\/product\/white-side-camera-d1-12v-ir-150\/"},"modified":"2025-12-15T09:45:58","modified_gmt":"2025-12-15T09:45:58","slug":"bila-bocni-kamera-d1-ir-150","status":"publish","type":"product","link":"https:\/\/www.trafficangel.co.uk\/cs\/produkt-2\/bila-bocni-kamera-d1-ir-150\/","title":{"rendered":"B\u00edl\u00e1 bo\u010dn\u00ed kamera \u2013 D1, IR, 150\u00b0"},"content":{"rendered":"<p>B\u00edl\u00e1 bo\u010dn\u00ed kamera \u2013 D1, IR, 150\u00b0<\/p>\n<p>Part of the trusted TrafficAngel security packages, our <a href=\"https:\/\/www.trafficangel.co.uk\/cs\/kamerove-systemy-pro-dodavky\/\">kamerov\u00e9 syst\u00e9my pro dod\u00e1vky<\/a> provide comprehensive visibility to support driver awareness and vehicle safety. They are designed to meet the requirements of the <a href=\"https:\/\/www.trafficangel.co.uk\/cs\/londynske-dvs\/\">Standard p\u0159\u00edm\u00e9ho vid\u011bn\u00ed<\/a> (DVS) and <a href=\"https:\/\/www.trafficangel.co.uk\/cs\/progresivni-bezpecnostni-system-2024\/\">Progresivn\u00ed bezpe\u010dn\u00fd syst\u00e9m<\/a> (PSS), including the 2024 PSS updates introduced by Transport for London, ensuring your fleet stays compliant now and in future enforcement phases.<\/p>","protected":false},"excerpt":{"rendered":"<p>B\u00edl\u00e1 bo\u010dn\u00ed kamera \u2013 D1, IR, 150\u00b0<\/p>","protected":false},"featured_media":937,"template":"","meta":{"_acf_changed":false},"product_cat":[37,42],"product_tag":[],"class_list":{"0":"post-1502","1":"product","2":"type-product","3":"status-publish","4":"has-post-thumbnail","6":"product_cat-cameras","7":"product_cat-side-cameras","9":"first","10":"instock","11":"taxable","12":"shipping-taxable","13":"purchasable","14":"product-type-simple"},"acf":[],"_links":{"self":[{"href":"https:\/\/www.trafficangel.co.uk\/cs\/wp-json\/wp\/v2\/product\/1502","targetHints":{"allow":["GET"]}}],"collection":[{"href":"https:\/\/www.trafficangel.co.uk\/cs\/wp-json\/wp\/v2\/product"}],"about":[{"href":"https:\/\/www.trafficangel.co.uk\/cs\/wp-json\/wp\/v2\/types\/product"}],"wp:featuredmedia":[{"embeddable":true,"href":"https:\/\/www.trafficangel.co.uk\/cs\/wp-json\/wp\/v2\/media\/937"}],"wp:attachment":[{"href":"https:\/\/www.trafficangel.co.uk\/cs\/wp-json\/wp\/v2\/media?parent=1502"}],"wp:term":[{"taxonomy":"product_cat","embeddable":true,"href":"https:\/\/www.trafficangel.co.uk\/cs\/wp-json\/wp\/v2\/product_cat?post=1502"},{"taxonomy":"product_tag","embeddable":true,"href":"https:\/\/www.trafficangel.co.uk\/cs\/wp-json\/wp\/v2\/product_tag?post=1502"}],"curies":[{"name":"wp","href":"https:\/\/api.w.org\/{rel}","templated":true}]}}