{"id":1497,"date":"2024-01-19T12:50:02","date_gmt":"2024-01-19T12:50:02","guid":{"rendered":"http:\/\/traffic-angel.local\/product\/mini-side-camera-offside-black-100\/"},"modified":"2025-12-15T11:09:07","modified_gmt":"2025-12-15T11:09:07","slug":"mini-bocni-kamera-ofsajd-cerna-100","status":"publish","type":"product","link":"https:\/\/www.trafficangel.co.uk\/cs\/produkt-2\/mini-bocni-kamera-ofsajd-cerna-100\/","title":{"rendered":"Bo\u010dn\u00ed mini kamera \u2013 offside, \u010dern\u00e1, 100\u00b0"},"content":{"rendered":"<p>Bo\u010dn\u00ed mini kamera \u2013 offside, \u010dern\u00e1, 100\u00b0<\/p>\n<p>Part of the TrafficAngel security packages, our <a href=\"https:\/\/www.trafficangel.co.uk\/cs\/kamerove-systemy-pro-dodavky\/\">kamerov\u00e9 syst\u00e9my pro dod\u00e1vky<\/a>\u00a0provide comprehensive visibility to support driver awareness and vehicle safety. They are designed to meet the requirements of the\u00a0<a href=\"https:\/\/www.trafficangel.co.uk\/cs\/londynske-dvs\/\">Standard p\u0159\u00edm\u00e9ho vid\u011bn\u00ed<\/a>\u00a0(DVS) and\u00a0<a href=\"https:\/\/www.trafficangel.co.uk\/cs\/progresivni-bezpecnostni-system-2024\/\">Progresivn\u00ed bezpe\u010dn\u00fd syst\u00e9m<\/a>\u00a0(PSS), including the 2024 PSS updates introduced by Transport for London, ensuring your fleet stays compliant now and in future enforcement phases.<\/p>","protected":false},"excerpt":{"rendered":"<p>Bo\u010dn\u00ed mini kamera \u2013 offside, \u010dern\u00e1, 100\u00b0<\/p>","protected":false},"featured_media":1194,"template":"","meta":{"_acf_changed":false},"product_cat":[37,42],"product_tag":[],"class_list":{"0":"post-1497","1":"product","2":"type-product","3":"status-publish","4":"has-post-thumbnail","6":"product_cat-cameras","7":"product_cat-side-cameras","9":"first","10":"instock","11":"taxable","12":"shipping-taxable","13":"purchasable","14":"product-type-simple"},"acf":[],"_links":{"self":[{"href":"https:\/\/www.trafficangel.co.uk\/cs\/wp-json\/wp\/v2\/product\/1497","targetHints":{"allow":["GET"]}}],"collection":[{"href":"https:\/\/www.trafficangel.co.uk\/cs\/wp-json\/wp\/v2\/product"}],"about":[{"href":"https:\/\/www.trafficangel.co.uk\/cs\/wp-json\/wp\/v2\/types\/product"}],"wp:featuredmedia":[{"embeddable":true,"href":"https:\/\/www.trafficangel.co.uk\/cs\/wp-json\/wp\/v2\/media\/1194"}],"wp:attachment":[{"href":"https:\/\/www.trafficangel.co.uk\/cs\/wp-json\/wp\/v2\/media?parent=1497"}],"wp:term":[{"taxonomy":"product_cat","embeddable":true,"href":"https:\/\/www.trafficangel.co.uk\/cs\/wp-json\/wp\/v2\/product_cat?post=1497"},{"taxonomy":"product_tag","embeddable":true,"href":"https:\/\/www.trafficangel.co.uk\/cs\/wp-json\/wp\/v2\/product_tag?post=1497"}],"curies":[{"name":"wp","href":"https:\/\/api.w.org\/{rel}","templated":true}]}}