{"id":1480,"date":"2024-01-19T12:49:55","date_gmt":"2024-01-19T12:49:55","guid":{"rendered":"http:\/\/traffic-angel.local\/product\/left-turn-trigger-module-12-24v\/"},"modified":"2025-10-20T14:23:27","modified_gmt":"2025-10-20T14:23:27","slug":"modul-spouste-blinkru-pro-signalizaci-smeru","status":"publish","type":"product","link":"https:\/\/www.trafficangel.co.uk\/cs\/produkt-2\/modul-spouste-blinkru-pro-signalizaci-smeru\/","title":{"rendered":"Modul spou\u0161t\u011bn\u00ed indik\u00e1toru pro alarmy odbo\u010den\u00ed"},"content":{"rendered":"","protected":false},"excerpt":{"rendered":"<p>Modul spou\u0161t\u011bc\u00edho indik\u00e1toru pro alarmy odbo\u010den\u00ed<\/p>","protected":false},"featured_media":654,"template":"","meta":{"_acf_changed":false},"product_cat":[33,87],"product_tag":[],"class_list":{"0":"post-1480","1":"product","2":"type-product","3":"status-publish","4":"has-post-thumbnail","6":"product_cat-alarms","7":"product_cat-accessories-alarms","9":"first","10":"instock","11":"taxable","12":"shipping-taxable","13":"purchasable","14":"product-type-simple"},"acf":[],"_links":{"self":[{"href":"https:\/\/www.trafficangel.co.uk\/cs\/wp-json\/wp\/v2\/product\/1480","targetHints":{"allow":["GET"]}}],"collection":[{"href":"https:\/\/www.trafficangel.co.uk\/cs\/wp-json\/wp\/v2\/product"}],"about":[{"href":"https:\/\/www.trafficangel.co.uk\/cs\/wp-json\/wp\/v2\/types\/product"}],"wp:featuredmedia":[{"embeddable":true,"href":"https:\/\/www.trafficangel.co.uk\/cs\/wp-json\/wp\/v2\/media\/654"}],"wp:attachment":[{"href":"https:\/\/www.trafficangel.co.uk\/cs\/wp-json\/wp\/v2\/media?parent=1480"}],"wp:term":[{"taxonomy":"product_cat","embeddable":true,"href":"https:\/\/www.trafficangel.co.uk\/cs\/wp-json\/wp\/v2\/product_cat?post=1480"},{"taxonomy":"product_tag","embeddable":true,"href":"https:\/\/www.trafficangel.co.uk\/cs\/wp-json\/wp\/v2\/product_tag?post=1480"}],"curies":[{"name":"wp","href":"https:\/\/api.w.org\/{rel}","templated":true}]}}