{"id":1469,"date":"2024-01-19T12:49:52","date_gmt":"2024-01-19T12:49:52","guid":{"rendered":"http:\/\/traffic-angel.local\/product\/hd-720p-wireless-transmitter-unit\/"},"modified":"2025-10-29T10:00:08","modified_gmt":"2025-10-29T10:00:08","slug":"full-hd-wireless-transmitter-unit-d1-720p-1080p","status":"publish","type":"product","link":"https:\/\/www.trafficangel.co.uk\/cs\/produkt-2\/full-hd-wireless-transmitter-unit-d1-720p-1080p\/","title":{"rendered":"Jednotka bezdr\u00e1tov\u00e9ho vys\u00edla\u010de Full HD \u2013 D1 \/ 720p \/ 1080p"},"content":{"rendered":"<p>Jednotka bezdr\u00e1tov\u00e9ho vys\u00edla\u010de Full HD \u2013 D1 \/ 720p \/ 1080p<\/p>","protected":false},"excerpt":{"rendered":"<p>Jednotka bezdr\u00e1tov\u00e9ho vys\u00edla\u010de Full HD \u2013 D1 \/ 720p \/ 1080p<\/p>","protected":false},"featured_media":1366,"template":"","meta":{"_acf_changed":false},"product_cat":[26,43],"product_tag":[],"class_list":{"0":"post-1469","1":"product","2":"type-product","3":"status-publish","4":"has-post-thumbnail","6":"product_cat-cables-accessories","7":"product_cat-wireless-systems","9":"first","10":"instock","11":"taxable","12":"shipping-taxable","13":"purchasable","14":"product-type-simple"},"acf":[],"_links":{"self":[{"href":"https:\/\/www.trafficangel.co.uk\/cs\/wp-json\/wp\/v2\/product\/1469","targetHints":{"allow":["GET"]}}],"collection":[{"href":"https:\/\/www.trafficangel.co.uk\/cs\/wp-json\/wp\/v2\/product"}],"about":[{"href":"https:\/\/www.trafficangel.co.uk\/cs\/wp-json\/wp\/v2\/types\/product"}],"wp:featuredmedia":[{"embeddable":true,"href":"https:\/\/www.trafficangel.co.uk\/cs\/wp-json\/wp\/v2\/media\/1366"}],"wp:attachment":[{"href":"https:\/\/www.trafficangel.co.uk\/cs\/wp-json\/wp\/v2\/media?parent=1469"}],"wp:term":[{"taxonomy":"product_cat","embeddable":true,"href":"https:\/\/www.trafficangel.co.uk\/cs\/wp-json\/wp\/v2\/product_cat?post=1469"},{"taxonomy":"product_tag","embeddable":true,"href":"https:\/\/www.trafficangel.co.uk\/cs\/wp-json\/wp\/v2\/product_tag?post=1469"}],"curies":[{"name":"wp","href":"https:\/\/api.w.org\/{rel}","templated":true}]}}