{"id":1448,"date":"2024-01-19T12:49:45","date_gmt":"2024-01-19T12:49:45","guid":{"rendered":"http:\/\/traffic-angel.local\/product\/camera-adapter-4-pin-male-rca-female-dc-female\/"},"modified":"2025-10-29T09:36:04","modified_gmt":"2025-10-29T09:36:04","slug":"adapter-pro-kameru-4pinovy-samec-rca-samice-dc-samice","status":"publish","type":"product","link":"https:\/\/www.trafficangel.co.uk\/cs\/produkt-2\/adapter-pro-kameru-4pinovy-samec-rca-samice-dc-samice\/","title":{"rendered":"Adapt\u00e9r fotoapar\u00e1tu (4kol\u00edkov\u00fd samec \u2013 RCA samice a DC samice)"},"content":{"rendered":"<p>Camera Adapter (4 pin male &#8211; RCA female &amp; DC female)<\/p>","protected":false},"excerpt":{"rendered":"<p>Adapt\u00e9r fotoapar\u00e1tu (4kol\u00edkov\u00fd samec \u2013 RCA samice a DC samice)<\/p>","protected":false},"featured_media":507,"template":"","meta":{"_acf_changed":false},"product_cat":[26,28,27],"product_tag":[],"class_list":{"0":"post-1448","1":"product","2":"type-product","3":"status-publish","4":"has-post-thumbnail","6":"product_cat-cables-accessories","7":"product_cat-miscellaneous","8":"product_cat-camera-trailer-cables","10":"first","11":"instock","12":"taxable","13":"shipping-taxable","14":"purchasable","15":"product-type-simple"},"acf":[],"_links":{"self":[{"href":"https:\/\/www.trafficangel.co.uk\/cs\/wp-json\/wp\/v2\/product\/1448","targetHints":{"allow":["GET"]}}],"collection":[{"href":"https:\/\/www.trafficangel.co.uk\/cs\/wp-json\/wp\/v2\/product"}],"about":[{"href":"https:\/\/www.trafficangel.co.uk\/cs\/wp-json\/wp\/v2\/types\/product"}],"wp:featuredmedia":[{"embeddable":true,"href":"https:\/\/www.trafficangel.co.uk\/cs\/wp-json\/wp\/v2\/media\/507"}],"wp:attachment":[{"href":"https:\/\/www.trafficangel.co.uk\/cs\/wp-json\/wp\/v2\/media?parent=1448"}],"wp:term":[{"taxonomy":"product_cat","embeddable":true,"href":"https:\/\/www.trafficangel.co.uk\/cs\/wp-json\/wp\/v2\/product_cat?post=1448"},{"taxonomy":"product_tag","embeddable":true,"href":"https:\/\/www.trafficangel.co.uk\/cs\/wp-json\/wp\/v2\/product_tag?post=1448"}],"curies":[{"name":"wp","href":"https:\/\/api.w.org\/{rel}","templated":true}]}}