{"id":1425,"date":"2024-01-19T12:49:39","date_gmt":"2024-01-19T12:49:39","guid":{"rendered":"http:\/\/traffic-angel.local\/product\/diode-kit-for-vehicles-with-led-lights-residual-voltage\/"},"modified":"2025-10-20T09:17:13","modified_gmt":"2025-10-20T09:17:13","slug":"diodova-sada-pro-vozidla-se-zbytkovym-napetim","status":"publish","type":"product","link":"https:\/\/www.trafficangel.co.uk\/cs\/produkt-2\/diodova-sada-pro-vozidla-se-zbytkovym-napetim\/","title":{"rendered":"Diodov\u00e1 sada pro vozidla se zbytkov\u00fdm nap\u011bt\u00edm"},"content":{"rendered":"<p>Sada diod pro vozidla se zbytkov\u00fdm nap\u011bt\u00edm je navr\u017eena tak, aby zabr\u00e1nila fale\u0161n\u00fdm aktivac\u00edm bezpe\u010dnostn\u00edch syst\u00e9m\u016f vozidel zp\u016fsoben\u00fdm n\u00edzk\u00fdmi zbytkov\u00fdmi proudy. Pokud n\u011bkter\u00e9 syst\u00e9my z\u016fstanou po vypnut\u00ed zapalov\u00e1n\u00ed m\u00edrn\u011b pod nap\u011bt\u00edm, tato sada blokuje ne\u017e\u00e1douc\u00ed nap\u011bt\u00ed, aby se dostalo k citliv\u00fdm za\u0159\u00edzen\u00edm, a zaji\u0161\u0165uje tak, \u017ee <a href=\"https:\/\/www.trafficangel.co.uk\/cs\/kamery\/\" target=\"_blank\" rel=\"noopener\">kamery<\/a>, <a href=\"https:\/\/www.trafficangel.co.uk\/cs\/monitory\/monitory1\/\" target=\"_blank\" rel=\"noopener\">monitory<\/a>, <a href=\"https:\/\/www.trafficangel.co.uk\/cs\/alarmy\/\" target=\"_blank\" rel=\"noopener\">alarmy<\/a>a dal\u0161\u00ed bezpe\u010dnostn\u00ed za\u0159\u00edzen\u00ed funguj\u00ed pouze tehdy, kdy\u017e jsou ur\u010dena. Snadno se instaluje a je vysoce \u00fa\u010dinn\u00e9, p\u0159edstavuje jednoduch\u00e9 \u0159e\u0161en\u00ed b\u011b\u017en\u00fdch elektrick\u00fdch probl\u00e9m\u016f, kter\u00e9 se vyskytuj\u00ed v mnoha modern\u00edch u\u017eitkov\u00fdch vozidlech.<\/p>","protected":false},"excerpt":{"rendered":"<p>Sada diod pro vozidla se zbytkov\u00fdm nap\u011bt\u00edm je navr\u017eena tak, aby zabr\u00e1nila fale\u0161n\u00fdm aktivac\u00edm bezpe\u010dnostn\u00edch syst\u00e9m\u016f vozidel zp\u016fsoben\u00fdm n\u00edzk\u00fdmi zbytkov\u00fdmi proudy.<\/p>","protected":false},"featured_media":511,"template":"","meta":{"_acf_changed":false},"product_cat":[26,28],"product_tag":[],"class_list":{"0":"post-1425","1":"product","2":"type-product","3":"status-publish","4":"has-post-thumbnail","6":"product_cat-cables-accessories","7":"product_cat-miscellaneous","9":"first","10":"instock","11":"taxable","12":"shipping-taxable","13":"purchasable","14":"product-type-simple"},"acf":[],"_links":{"self":[{"href":"https:\/\/www.trafficangel.co.uk\/cs\/wp-json\/wp\/v2\/product\/1425","targetHints":{"allow":["GET"]}}],"collection":[{"href":"https:\/\/www.trafficangel.co.uk\/cs\/wp-json\/wp\/v2\/product"}],"about":[{"href":"https:\/\/www.trafficangel.co.uk\/cs\/wp-json\/wp\/v2\/types\/product"}],"wp:featuredmedia":[{"embeddable":true,"href":"https:\/\/www.trafficangel.co.uk\/cs\/wp-json\/wp\/v2\/media\/511"}],"wp:attachment":[{"href":"https:\/\/www.trafficangel.co.uk\/cs\/wp-json\/wp\/v2\/media?parent=1425"}],"wp:term":[{"taxonomy":"product_cat","embeddable":true,"href":"https:\/\/www.trafficangel.co.uk\/cs\/wp-json\/wp\/v2\/product_cat?post=1425"},{"taxonomy":"product_tag","embeddable":true,"href":"https:\/\/www.trafficangel.co.uk\/cs\/wp-json\/wp\/v2\/product_tag?post=1425"}],"curies":[{"name":"wp","href":"https:\/\/api.w.org\/{rel}","templated":true}]}}