{"id":1420,"date":"2024-01-19T12:49:35","date_gmt":"2024-01-19T12:49:35","guid":{"rendered":"http:\/\/traffic-angel.local\/product\/5m-superseal-cable-for-citysafe-alarms\/"},"modified":"2025-10-20T09:13:42","modified_gmt":"2025-10-20T09:13:42","slug":"6m-kabel-superseal-pro-alarmy-citysafe","status":"publish","type":"product","link":"https:\/\/www.trafficangel.co.uk\/cs\/produkt-2\/6m-kabel-superseal-pro-alarmy-citysafe\/","title":{"rendered":"6m Superseal kabel pro CitySafe Alarms"},"content":{"rendered":"<p>6m kabel Superseal pro alarmy CitySafe poskytuje bezpe\u010dn\u00e9 a pov\u011btrnostn\u00edm vliv\u016fm odoln\u00e9 spojen\u00ed mezi alarmov\u00fdmi jednotkami a elektrick\u00fdm syst\u00e9mem vozidla. D\u00edky sv\u00e9 d\u00e9lce 6 metr\u016f nab\u00edz\u00ed flexibilitu pro \u0161irokou \u0161k\u00e1lu typ\u016f vozidel a zaji\u0161\u0165uje spolehliv\u00fd provoz alarmov\u00fdch syst\u00e9m\u016f CitySafe. Konektory Superseal zaji\u0161\u0165uj\u00ed pevn\u00e9 a vodot\u011bsn\u00e9 uchycen\u00ed pro dlouhodob\u00fd a bezprobl\u00e9mov\u00fd provoz v n\u00e1ro\u010dn\u00fdch podm\u00ednk\u00e1ch vozov\u00e9ho parku.<\/p>","protected":false},"excerpt":{"rendered":"<p>6m kabel Superseal pro alarmy CitySafe poskytuje bezpe\u010dn\u00e9 a pov\u011btrnostn\u00edm vliv\u016fm odoln\u00e9 spojen\u00ed mezi jednotkami alarmu a elektrick\u00fdm syst\u00e9mem vozidla.<\/p>","protected":false},"featured_media":571,"template":"","meta":{"_acf_changed":false},"product_cat":[26,28,33],"product_tag":[],"class_list":{"0":"post-1420","1":"product","2":"type-product","3":"status-publish","4":"has-post-thumbnail","6":"product_cat-cables-accessories","7":"product_cat-miscellaneous","8":"product_cat-alarms","10":"first","11":"instock","12":"taxable","13":"shipping-taxable","14":"purchasable","15":"product-type-simple"},"acf":[],"_links":{"self":[{"href":"https:\/\/www.trafficangel.co.uk\/cs\/wp-json\/wp\/v2\/product\/1420","targetHints":{"allow":["GET"]}}],"collection":[{"href":"https:\/\/www.trafficangel.co.uk\/cs\/wp-json\/wp\/v2\/product"}],"about":[{"href":"https:\/\/www.trafficangel.co.uk\/cs\/wp-json\/wp\/v2\/types\/product"}],"wp:featuredmedia":[{"embeddable":true,"href":"https:\/\/www.trafficangel.co.uk\/cs\/wp-json\/wp\/v2\/media\/571"}],"wp:attachment":[{"href":"https:\/\/www.trafficangel.co.uk\/cs\/wp-json\/wp\/v2\/media?parent=1420"}],"wp:term":[{"taxonomy":"product_cat","embeddable":true,"href":"https:\/\/www.trafficangel.co.uk\/cs\/wp-json\/wp\/v2\/product_cat?post=1420"},{"taxonomy":"product_tag","embeddable":true,"href":"https:\/\/www.trafficangel.co.uk\/cs\/wp-json\/wp\/v2\/product_tag?post=1420"}],"curies":[{"name":"wp","href":"https:\/\/api.w.org\/{rel}","templated":true}]}}