{"id":1405,"date":"2024-01-19T12:49:32","date_gmt":"2024-01-19T12:49:32","guid":{"rendered":"http:\/\/traffic-angel.local\/product\/20m-trailer-extension-cable-4-pin-male-4-pin-female\/"},"modified":"2025-10-20T08:56:00","modified_gmt":"2025-10-20T08:56:00","slug":"20m-prodluzovaci-kabel-pro-prives-4pinovy-samec-4pinovy-samice","status":"publish","type":"product","link":"https:\/\/www.trafficangel.co.uk\/cs\/produkt-2\/20m-prodluzovaci-kabel-pro-prives-4pinovy-samec-4pinovy-samice\/","title":{"rendered":"20m p\u0159\u00edv\u011bsn\u00fd \/ prodlu\u017eovac\u00ed kabel (4kol\u00edkov\u00fd samec \u2013 4kol\u00edkov\u00fd samice)"},"content":{"rendered":"<p>20m prodlu\u017eovac\u00ed kabel pro p\u0159\u00edv\u011bs\/p\u0159\u00edv\u011bs (4pinov\u00fd samec \u2013 4pinov\u00e1 samice) nab\u00edz\u00ed spolehliv\u00e9 \u0159e\u0161en\u00ed pro prodlou\u017een\u00ed p\u0159ipojen\u00ed kamerov\u00e9ho syst\u00e9mu nap\u0159\u00ed\u010d dlouh\u00fdmi p\u0159\u00edv\u011bsy, n\u00e1v\u011bsy a specializovan\u00fdmi vozidly. D\u00edky sv\u00e9 d\u00e9lce 20 metr\u016f zaji\u0161\u0165uje bezpe\u010dn\u00fd p\u0159enos videa a nap\u00e1jen\u00ed mezi... <a href=\"https:\/\/www.trafficangel.co.uk\/cs\/kamery\/\">kamery<\/a> a <a href=\"https:\/\/www.trafficangel.co.uk\/cs\/monitory\/\">monitory<\/a>, a to i na del\u0161\u00ed vzd\u00e1lenosti. Odoln\u00e9 4pinov\u00e9 konektory zaji\u0161\u0165uj\u00ed stabiln\u00ed p\u0159ipojen\u00ed, minimalizuj\u00ed ztr\u00e1ty sign\u00e1lu a zachov\u00e1vaj\u00ed \u010distou kvalitu videa.<\/p>\n<p>Tento prodlu\u017eovac\u00ed kabel, navr\u017een\u00fd pro n\u00e1ro\u010dn\u00e9 prost\u0159ed\u00ed vozov\u00fdch park\u016f, je ide\u00e1ln\u00ed pro p\u0159epravu, logistiku a provozovatele komer\u010dn\u00edch vozidel, kte\u0159\u00ed pot\u0159ebuj\u00ed spolehliv\u00fd v\u00fdkon kamerov\u00e9ho syst\u00e9mu.<\/p>\n<p>Tento prodlu\u017eovac\u00ed kabel je lehk\u00fd, v\u00e1\u017e\u00ed pouh\u00fdch 776 g, a p\u0159esto je konstruov\u00e1n tak, aby odolal n\u00e1ro\u010dn\u00fdm podm\u00ednk\u00e1m. Podporuje profesion\u00e1ln\u00ed instalace kamer a bezprobl\u00e9mov\u011b se integruje se syst\u00e9my Traffic Angel. Stejn\u011b jako u v\u0161ech na\u0161ich kabel\u016f jsou objedn\u00e1vky zadan\u00e9 do 13:00 odes\u00edl\u00e1ny v tent\u00fd\u017e den prost\u0159ednictv\u00edm DPD s doru\u010den\u00edm n\u00e1sleduj\u00edc\u00ed den a je k dispozici s na\u0161\u00ed slu\u017ebou Prepping Service, kter\u00e1 zefektivn\u00ed instalaci a zkr\u00e1t\u00ed prostoje.<\/p>","protected":false},"excerpt":{"rendered":"<p>20m prodlu\u017eovac\u00ed kabel pro p\u0159\u00edv\u011bs\/p\u0159\u00edv\u011bs (4pinov\u00fd samec \u2013 4pinov\u00e1 samice) nab\u00edz\u00ed spolehliv\u00e9 \u0159e\u0161en\u00ed pro prodlou\u017een\u00ed p\u0159ipojen\u00ed kamerov\u00e9ho syst\u00e9mu nap\u0159\u00ed\u010d dlouh\u00fdmi p\u0159\u00edv\u011bsy, n\u00e1v\u011bsy a specializovan\u00fdmi vozidly.<\/p>","protected":false},"featured_media":2352,"template":"","meta":{"_acf_changed":false},"product_cat":[26,27],"product_tag":[],"class_list":{"0":"post-1405","1":"product","2":"type-product","3":"status-publish","4":"has-post-thumbnail","6":"product_cat-cables-accessories","7":"product_cat-camera-trailer-cables","9":"first","10":"instock","11":"taxable","12":"shipping-taxable","13":"purchasable","14":"product-type-simple"},"acf":[],"_links":{"self":[{"href":"https:\/\/www.trafficangel.co.uk\/cs\/wp-json\/wp\/v2\/product\/1405","targetHints":{"allow":["GET"]}}],"collection":[{"href":"https:\/\/www.trafficangel.co.uk\/cs\/wp-json\/wp\/v2\/product"}],"about":[{"href":"https:\/\/www.trafficangel.co.uk\/cs\/wp-json\/wp\/v2\/types\/product"}],"wp:featuredmedia":[{"embeddable":true,"href":"https:\/\/www.trafficangel.co.uk\/cs\/wp-json\/wp\/v2\/media\/2352"}],"wp:attachment":[{"href":"https:\/\/www.trafficangel.co.uk\/cs\/wp-json\/wp\/v2\/media?parent=1405"}],"wp:term":[{"taxonomy":"product_cat","embeddable":true,"href":"https:\/\/www.trafficangel.co.uk\/cs\/wp-json\/wp\/v2\/product_cat?post=1405"},{"taxonomy":"product_tag","embeddable":true,"href":"https:\/\/www.trafficangel.co.uk\/cs\/wp-json\/wp\/v2\/product_tag?post=1405"}],"curies":[{"name":"wp","href":"https:\/\/api.w.org\/{rel}","templated":true}]}}