{"id":1394,"date":"2024-01-19T12:49:29","date_gmt":"2024-01-19T12:49:29","guid":{"rendered":"http:\/\/traffic-angel.local\/product\/black-metal-monitor-bracket\/"},"modified":"2025-10-20T08:48:27","modified_gmt":"2025-10-20T08:48:27","slug":"cerny-kovovy-drzak-monitoru","status":"publish","type":"product","link":"https:\/\/www.trafficangel.co.uk\/cs\/produkt-2\/cerny-kovovy-drzak-monitoru\/","title":{"rendered":"\u010cern\u00fd kovov\u00fd dr\u017e\u00e1k monitoru"},"content":{"rendered":"<p>\u010cern\u00fd kovov\u00fd dr\u017e\u00e1k monitoru poskytuje bezpe\u010dn\u00e9 a odoln\u00e9 \u0159e\u0161en\u00ed pro mont\u00e1\u017e v kabin\u011b <a href=\"https:\/\/www.trafficangel.co.uk\/cs\/monitory\/monitory1\/\">monitory<\/a> pou\u017e\u00edv\u00e1 se v <a href=\"https:\/\/www.trafficangel.co.uk\/cs\/kamery\/\">kamerov\u00e9 syst\u00e9my vozidel<\/a>Je vyroben z pevn\u00e9ho kovu s \u010dernou povrchovou \u00fapravou a nab\u00edz\u00ed stabiln\u00ed platformu pro pevn\u00e9 uchycen\u00ed monitor\u016f na m\u00edst\u011b, a to i v n\u00e1ro\u010dn\u00fdch j\u00edzdn\u00edch podm\u00ednk\u00e1ch. Jeho nastaviteln\u00e1 konstrukce umo\u017e\u0148uje snadn\u00e9 polohov\u00e1n\u00ed a pom\u00e1h\u00e1 \u0159idi\u010d\u016fm udr\u017eovat dobrou viditelnost, ani\u017e by jim br\u00e1nila ve v\u00fdhledu na silnici. Tento dr\u017e\u00e1k se snadno montuje a je vyroben pro dlouhou \u017eivotnost, tak\u017ee je ide\u00e1ln\u00ed pro komer\u010dn\u00ed vozov\u00e9 parky, kter\u00e9 hledaj\u00ed spolehliv\u00e9 \u0159e\u0161en\u00ed pro upevn\u011bn\u00ed monitoru.<\/p>","protected":false},"excerpt":{"rendered":"<p>\u010cern\u00fd kovov\u00fd dr\u017e\u00e1k monitoru poskytuje bezpe\u010dn\u00e9 a odoln\u00e9 \u0159e\u0161en\u00ed pro mont\u00e1\u017e monitor\u016f v kabin\u011b pou\u017e\u00edvan\u00fdch v kamerov\u00fdch syst\u00e9mech vozidel.<\/p>","protected":false},"featured_media":396,"template":"","meta":{"_acf_changed":false},"product_cat":[73],"product_tag":[],"class_list":{"0":"post-1394","1":"product","2":"type-product","3":"status-publish","4":"has-post-thumbnail","6":"product_cat-brackets-looms","8":"first","9":"instock","10":"taxable","11":"shipping-taxable","12":"purchasable","13":"product-type-simple"},"acf":[],"_links":{"self":[{"href":"https:\/\/www.trafficangel.co.uk\/cs\/wp-json\/wp\/v2\/product\/1394","targetHints":{"allow":["GET"]}}],"collection":[{"href":"https:\/\/www.trafficangel.co.uk\/cs\/wp-json\/wp\/v2\/product"}],"about":[{"href":"https:\/\/www.trafficangel.co.uk\/cs\/wp-json\/wp\/v2\/types\/product"}],"wp:featuredmedia":[{"embeddable":true,"href":"https:\/\/www.trafficangel.co.uk\/cs\/wp-json\/wp\/v2\/media\/396"}],"wp:attachment":[{"href":"https:\/\/www.trafficangel.co.uk\/cs\/wp-json\/wp\/v2\/media?parent=1394"}],"wp:term":[{"taxonomy":"product_cat","embeddable":true,"href":"https:\/\/www.trafficangel.co.uk\/cs\/wp-json\/wp\/v2\/product_cat?post=1394"},{"taxonomy":"product_tag","embeddable":true,"href":"https:\/\/www.trafficangel.co.uk\/cs\/wp-json\/wp\/v2\/product_tag?post=1394"}],"curies":[{"name":"wp","href":"https:\/\/api.w.org\/{rel}","templated":true}]}}