{"id":1391,"date":"2024-01-19T12:49:29","date_gmt":"2024-01-19T12:49:29","guid":{"rendered":"http:\/\/traffic-angel.local\/product\/silver-monitor-bracket\/"},"modified":"2025-10-20T08:46:23","modified_gmt":"2025-10-20T08:46:23","slug":"stribrny-drzak-monitoru","status":"publish","type":"product","link":"https:\/\/www.trafficangel.co.uk\/cs\/produkt-2\/stribrny-drzak-monitoru\/","title":{"rendered":"St\u0159\u00edbrn\u00fd dr\u017e\u00e1k monitoru"},"content":{"rendered":"<p>St\u0159\u00edbrn\u00fd dr\u017e\u00e1k monitoru poskytuje robustn\u00ed a spolehlivou mo\u017enost mont\u00e1\u017ee v kabin\u011b <a href=\"https:\/\/www.trafficangel.co.uk\/cs\/monitory\/monitory1\/\" target=\"_blank\" rel=\"noopener\">monitory<\/a> pou\u017e\u00edv\u00e1 se s vozidlem <a href=\"https:\/\/www.trafficangel.co.uk\/cs\/kamery\/\" target=\"_blank\" rel=\"noopener\">kamerov\u00e9 syst\u00e9my<\/a>Jeho pevn\u00e1 kovov\u00e1 konstrukce zaji\u0161\u0165uje stabiln\u00ed um\u00edst\u011bn\u00ed a dr\u017e\u00ed monitory pevn\u011b na m\u00edst\u011b b\u011bhem ka\u017edodenn\u00edho provozu vozov\u00e9ho parku. \u010cist\u00fd st\u0159\u00edbrn\u00fd povrch nab\u00edz\u00ed profesion\u00e1ln\u00ed vzhled, zat\u00edmco nastaviteln\u00fd design umo\u017e\u0148uje \u0159idi\u010d\u016fm nastavit perfektn\u00ed \u00fahel pohledu bez omezen\u00ed v\u00fdhledu. D\u00edky snadn\u00e9 instalaci a odoln\u00e9 konstrukci je ide\u00e1ln\u00edm \u0159e\u0161en\u00edm pro zaji\u0161t\u011bn\u00ed monitor\u016f v u\u017eitkov\u00fdch vozidlech.<\/p>","protected":false},"excerpt":{"rendered":"<p>St\u0159\u00edbrn\u00fd dr\u017e\u00e1k monitoru poskytuje robustn\u00ed a spolehlivou mo\u017enost mont\u00e1\u017ee v kabin\u011b <a href=\"https:\/\/www.trafficangel.co.uk\/cs\/monitory\/monitory1\/\" target=\"_blank\" rel=\"noopener\">monitory<\/a> pou\u017e\u00edv\u00e1 se s vozidlem <a href=\"https:\/\/www.trafficangel.co.uk\/cs\/kamery\/\" target=\"_blank\" rel=\"noopener\">kamerov\u00e9 syst\u00e9my<\/a>.<\/p>","protected":false},"featured_media":379,"template":"","meta":{"_acf_changed":false},"product_cat":[73],"product_tag":[],"class_list":{"0":"post-1391","1":"product","2":"type-product","3":"status-publish","4":"has-post-thumbnail","6":"product_cat-brackets-looms","8":"first","9":"instock","10":"taxable","11":"shipping-taxable","12":"purchasable","13":"product-type-simple"},"acf":[],"_links":{"self":[{"href":"https:\/\/www.trafficangel.co.uk\/cs\/wp-json\/wp\/v2\/product\/1391","targetHints":{"allow":["GET"]}}],"collection":[{"href":"https:\/\/www.trafficangel.co.uk\/cs\/wp-json\/wp\/v2\/product"}],"about":[{"href":"https:\/\/www.trafficangel.co.uk\/cs\/wp-json\/wp\/v2\/types\/product"}],"wp:featuredmedia":[{"embeddable":true,"href":"https:\/\/www.trafficangel.co.uk\/cs\/wp-json\/wp\/v2\/media\/379"}],"wp:attachment":[{"href":"https:\/\/www.trafficangel.co.uk\/cs\/wp-json\/wp\/v2\/media?parent=1391"}],"wp:term":[{"taxonomy":"product_cat","embeddable":true,"href":"https:\/\/www.trafficangel.co.uk\/cs\/wp-json\/wp\/v2\/product_cat?post=1391"},{"taxonomy":"product_tag","embeddable":true,"href":"https:\/\/www.trafficangel.co.uk\/cs\/wp-json\/wp\/v2\/product_tag?post=1391"}],"curies":[{"name":"wp","href":"https:\/\/api.w.org\/{rel}","templated":true}]}}