{"id":1383,"date":"2024-01-19T12:49:26","date_gmt":"2024-01-19T12:49:26","guid":{"rendered":"http:\/\/traffic-angel.local\/product\/4m-single-rca-cable\/"},"modified":"2025-10-20T08:37:12","modified_gmt":"2025-10-20T08:37:12","slug":"4m-rca-kabel","status":"publish","type":"product","link":"https:\/\/www.trafficangel.co.uk\/cs\/produkt-2\/4m-rca-kabel\/","title":{"rendered":"4m RCA kabel"},"content":{"rendered":"<p>4m RCA kabel je ide\u00e1ln\u00ed pro p\u0159ipojen\u00ed kamer, monitor\u016f a DVR vozidel, kde je vy\u017eadov\u00e1na st\u0159edn\u011b dlouh\u00e1 d\u00e9lka kabelu. Je navr\u017een pro p\u0159enos video nebo audio sign\u00e1l\u016f a poskytuje jasn\u00e9 a stabiln\u00ed p\u0159ipojen\u00ed pro spolehliv\u00fd v\u00fdkon syst\u00e9mu. D\u00e9lka 4 metry nab\u00edz\u00ed flexibilitu p\u0159i instalaci a pom\u00e1h\u00e1 udr\u017eovat kabel\u00e1\u017e \u00fahlednou a organizovanou. 4m RCA kabel Traffic Angel je tak\u00e9 ide\u00e1ln\u00ed pro pou\u017eit\u00ed s pomocn\u00fdmi audio nebo kamerov\u00fdmi syst\u00e9my, kde je nezbytn\u00e1 flexibilita a pohodl\u00ed plug-and-play, a to i v uzav\u0159en\u00fdch prostor\u00e1ch kabiny.<\/p>\n<p>D\u00edky robustn\u00edm konektor\u016fm a odoln\u00e9 konstrukci je tento kabel navr\u017een tak, aby zvl\u00e1dl n\u00e1roky ka\u017edodenn\u00edho pou\u017e\u00edv\u00e1n\u00ed vozov\u00e9ho parku a zajistil tak dlouhodob\u00fd a bezprobl\u00e9mov\u00fd provoz.<\/p>","protected":false},"excerpt":{"rendered":"<p>4m RCA kabel je ide\u00e1ln\u00ed pro p\u0159ipojen\u00ed kamer, monitor\u016f a DVR ve vozidlech, kde je vy\u017eadov\u00e1na st\u0159edn\u011b dlouh\u00e1 d\u00e9lka kabelu.<\/p>","protected":false},"featured_media":412,"template":"","meta":{"_acf_changed":false},"product_cat":[26,27],"product_tag":[],"class_list":{"0":"post-1383","1":"product","2":"type-product","3":"status-publish","4":"has-post-thumbnail","6":"product_cat-cables-accessories","7":"product_cat-camera-trailer-cables","9":"first","10":"instock","11":"taxable","12":"shipping-taxable","13":"purchasable","14":"product-type-simple"},"acf":[],"_links":{"self":[{"href":"https:\/\/www.trafficangel.co.uk\/cs\/wp-json\/wp\/v2\/product\/1383","targetHints":{"allow":["GET"]}}],"collection":[{"href":"https:\/\/www.trafficangel.co.uk\/cs\/wp-json\/wp\/v2\/product"}],"about":[{"href":"https:\/\/www.trafficangel.co.uk\/cs\/wp-json\/wp\/v2\/types\/product"}],"wp:featuredmedia":[{"embeddable":true,"href":"https:\/\/www.trafficangel.co.uk\/cs\/wp-json\/wp\/v2\/media\/412"}],"wp:attachment":[{"href":"https:\/\/www.trafficangel.co.uk\/cs\/wp-json\/wp\/v2\/media?parent=1383"}],"wp:term":[{"taxonomy":"product_cat","embeddable":true,"href":"https:\/\/www.trafficangel.co.uk\/cs\/wp-json\/wp\/v2\/product_cat?post=1383"},{"taxonomy":"product_tag","embeddable":true,"href":"https:\/\/www.trafficangel.co.uk\/cs\/wp-json\/wp\/v2\/product_tag?post=1383"}],"curies":[{"name":"wp","href":"https:\/\/api.w.org\/{rel}","templated":true}]}}